{"id":51,"date":"2025-09-25T01:33:33","date_gmt":"2025-09-25T01:33:33","guid":{"rendered":"https:\/\/cornflowerblue-pigeon-852130.hostingersite.com\/?page_id=51"},"modified":"2025-10-14T11:35:53","modified_gmt":"2025-10-14T11:35:53","slug":"news","status":"publish","type":"page","link":"https:\/\/xienauto.com\/pt\/news\/","title":{"rendered":"Not\u00edcias"},"content":{"rendered":"<div data-elementor-type=\"wp-page\" data-elementor-id=\"51\" class=\"elementor elementor-51\" data-elementor-post-type=\"page\">\n\t\t\t\t<div class=\"elementor-element elementor-element-4bfdf62 e-con-full e-flex e-con e-parent\" data-id=\"4bfdf62\" data-element_type=\"container\" data-e-type=\"container\" data-settings=\"{&quot;background_background&quot;:&quot;classic&quot;}\">\n\t\t\t\t<div class=\"elementor-element elementor-element-77a14dd elementor-widget elementor-widget-heading\" data-id=\"77a14dd\" data-element_type=\"widget\" data-e-type=\"widget\" data-widget_type=\"heading.default\">\n\t\t\t\t\t<h2 class=\"elementor-heading-title elementor-size-default\">CENTRO DE NOT\u00cdCIAS<\/h2>\t\t\t\t<\/div>\n\t\t\t\t<div class=\"elementor-element elementor-element-db1caac elementor-widget elementor-widget-text-editor\" data-id=\"db1caac\" data-element_type=\"widget\" data-e-type=\"widget\" data-widget_type=\"text-editor.default\">\n\t\t\t\t\t\t\t\t\t<p>Obtenha as tend\u00eancias recentes de far\u00f3is de LED automotivos.<\/p>\t\t\t\t\t\t\t\t<\/div>\n\t\t\t\t<\/div>\n\t\t<div class=\"elementor-element elementor-element-f49fdf4 e-flex e-con-boxed e-con e-parent\" data-id=\"f49fdf4\" data-element_type=\"container\" data-e-type=\"container\">\n\t\t\t\t\t<div class=\"e-con-inner\">\n\t\t\t\t<div class=\"elementor-element elementor-element-e55ad96 elementor-widget elementor-widget-spacer\" data-id=\"e55ad96\" data-element_type=\"widget\" data-e-type=\"widget\" data-widget_type=\"spacer.default\">\n\t\t\t\t\t\t\t<div class=\"elementor-spacer\">\n\t\t\t<div class=\"elementor-spacer-inner\"><\/div>\n\t\t<\/div>\n\t\t\t\t\t\t<\/div>\n\t\t\t\t\t<\/div>\n\t\t\t\t<\/div>\n\t\t<div class=\"elementor-element elementor-element-a448d8e e-flex e-con-boxed e-con e-parent\" data-id=\"a448d8e\" data-element_type=\"container\" data-e-type=\"container\">\n\t\t\t\t\t<div class=\"e-con-inner\">\n\t\t\t\t<div class=\"elementor-element elementor-element-c4df4e8 elementor-grid-3 elementor-grid-tablet-2 elementor-grid-mobile-1 elementor-posts--thumbnail-top elementor-card-shadow-yes elementor-posts__hover-gradient elementor-widget elementor-widget-posts\" data-id=\"c4df4e8\" data-element_type=\"widget\" data-e-type=\"widget\" data-settings=\"{&quot;pagination_type&quot;:&quot;numbers_and_prev_next&quot;,&quot;cards_columns&quot;:&quot;3&quot;,&quot;cards_columns_tablet&quot;:&quot;2&quot;,&quot;cards_columns_mobile&quot;:&quot;1&quot;,&quot;cards_row_gap&quot;:{&quot;unit&quot;:&quot;px&quot;,&quot;size&quot;:35,&quot;sizes&quot;:[]},&quot;cards_row_gap_tablet&quot;:{&quot;unit&quot;:&quot;px&quot;,&quot;size&quot;:&quot;&quot;,&quot;sizes&quot;:[]},&quot;cards_row_gap_mobile&quot;:{&quot;unit&quot;:&quot;px&quot;,&quot;size&quot;:&quot;&quot;,&quot;sizes&quot;:[]}}\" data-widget_type=\"posts.cards\">\n\t\t\t\t<div class=\"elementor-widget-container\">\n\t\t\t\t\t\t\t<div class=\"elementor-posts-container elementor-posts elementor-posts--skin-cards elementor-grid\" role=\"list\">\n\t\t\t\t<article class=\"elementor-post elementor-grid-item post-2285 post type-post status-publish format-standard has-post-thumbnail hentry category-news category-led-headlights\" role=\"listitem\">\n\t\t\t<div class=\"elementor-post__card\">\n\t\t\t\t<a class=\"elementor-post__thumbnail__link\" href=\"https:\/\/xienauto.com\/pt\/news\/test-led-headlight-beam-patterns-expert-guide\/\" tabindex=\"-1\" ><div class=\"elementor-post__thumbnail\"><img decoding=\"async\" width=\"300\" height=\"164\" src=\"https:\/\/xienauto.com\/wp-content\/uploads\/2026\/03\/smaller-2026-03-17T06_03_35.739Z-300x164.jpeg\" class=\"attachment-medium size-medium wp-image-2298\" alt=\"Teste de padr\u00e3o de feixe de farol de LED mostrando a linha de corte do farol baixo e o efeito de ilumina\u00e7\u00e3o do farol alto\" srcset=\"https:\/\/xienauto.com\/wp-content\/uploads\/2026\/03\/smaller-2026-03-17T06_03_35.739Z-300x164.jpeg 300w, https:\/\/xienauto.com\/wp-content\/uploads\/2026\/03\/smaller-2026-03-17T06_03_35.739Z-1024x559.jpeg 1024w, https:\/\/xienauto.com\/wp-content\/uploads\/2026\/03\/smaller-2026-03-17T06_03_35.739Z-768x419.jpeg 768w, https:\/\/xienauto.com\/wp-content\/uploads\/2026\/03\/smaller-2026-03-17T06_03_35.739Z-1536x838.jpeg 1536w, https:\/\/xienauto.com\/wp-content\/uploads\/2026\/03\/smaller-2026-03-17T06_03_35.739Z-2048x1117.jpeg 2048w, https:\/\/xienauto.com\/wp-content\/uploads\/2026\/03\/smaller-2026-03-17T06_03_35.739Z-18x10.jpeg 18w, https:\/\/xienauto.com\/wp-content\/uploads\/2026\/03\/smaller-2026-03-17T06_03_35.739Z-600x327.jpeg 600w\" sizes=\"(max-width: 300px) 100vw, 300px\" \/><\/div><\/a>\n\t\t\t\t<div class=\"elementor-post__text\">\n\t\t\t\t<h3 class=\"elementor-post__title\">\n\t\t\t<a href=\"https:\/\/xienauto.com\/pt\/news\/test-led-headlight-beam-patterns-expert-guide\/\" >\n\t\t\t\tComo testar os padr\u00f5es de feixe dos far\u00f3is de LED como um especialista: dicas pr\u00e1ticas\t\t\t<\/a>\n\t\t<\/h3>\n\t\t\t\t<\/div>\n\t\t\t\t\t<\/div>\n\t\t<\/article>\n\t\t\t\t<article class=\"elementor-post elementor-grid-item post-2275 post type-post status-publish format-standard has-post-thumbnail hentry category-news category-led-headlights\" role=\"listitem\">\n\t\t\t<div class=\"elementor-post__card\">\n\t\t\t\t<a class=\"elementor-post__thumbnail__link\" href=\"https:\/\/xienauto.com\/pt\/news\/automotive-lighting-oem-odm-services\/\" tabindex=\"-1\" ><div class=\"elementor-post__thumbnail\"><img decoding=\"async\" width=\"300\" height=\"164\" src=\"https:\/\/xienauto.com\/wp-content\/uploads\/2026\/03\/smaller-2026-03-16T12_38_22.206Z-300x164.jpeg\" class=\"attachment-medium size-medium wp-image-2281\" alt=\"Solu\u00e7\u00f5es OEM de ilumina\u00e7\u00e3o automotiva personalizada que apresentam far\u00f3is de LED de alta tecnologia em um ambiente de fabrica\u00e7\u00e3o profissional.\" srcset=\"https:\/\/xienauto.com\/wp-content\/uploads\/2026\/03\/smaller-2026-03-16T12_38_22.206Z-300x164.jpeg 300w, https:\/\/xienauto.com\/wp-content\/uploads\/2026\/03\/smaller-2026-03-16T12_38_22.206Z-1024x559.jpeg 1024w, https:\/\/xienauto.com\/wp-content\/uploads\/2026\/03\/smaller-2026-03-16T12_38_22.206Z-768x419.jpeg 768w, https:\/\/xienauto.com\/wp-content\/uploads\/2026\/03\/smaller-2026-03-16T12_38_22.206Z-1536x838.jpeg 1536w, https:\/\/xienauto.com\/wp-content\/uploads\/2026\/03\/smaller-2026-03-16T12_38_22.206Z-2048x1117.jpeg 2048w, https:\/\/xienauto.com\/wp-content\/uploads\/2026\/03\/smaller-2026-03-16T12_38_22.206Z-18x10.jpeg 18w, https:\/\/xienauto.com\/wp-content\/uploads\/2026\/03\/smaller-2026-03-16T12_38_22.206Z-600x327.jpeg 600w\" sizes=\"(max-width: 300px) 100vw, 300px\" \/><\/div><\/a>\n\t\t\t\t<div class=\"elementor-post__text\">\n\t\t\t\t<h3 class=\"elementor-post__title\">\n\t\t\t<a href=\"https:\/\/xienauto.com\/pt\/news\/automotive-lighting-oem-odm-services\/\" >\n\t\t\t\tGuia completo de servi\u00e7os OEM\/ODM de ilumina\u00e7\u00e3o automotiva: Do design \u00e0 produ\u00e7\u00e3o em massa\t\t\t<\/a>\n\t\t<\/h3>\n\t\t\t\t<\/div>\n\t\t\t\t\t<\/div>\n\t\t<\/article>\n\t\t\t\t<article class=\"elementor-post elementor-grid-item post-2257 post type-post status-publish format-standard has-post-thumbnail hentry category-news category-led-headlights\" role=\"listitem\">\n\t\t\t<div class=\"elementor-post__card\">\n\t\t\t\t<a class=\"elementor-post__thumbnail__link\" href=\"https:\/\/xienauto.com\/pt\/news\/wholesale-h7-led-bulbs-market-analysis\/\" tabindex=\"-1\" ><div class=\"elementor-post__thumbnail\"><img decoding=\"async\" width=\"300\" height=\"164\" src=\"https:\/\/xienauto.com\/wp-content\/uploads\/2026\/03\/smaller-2026-03-08T05_22_37.577Z-300x164.jpeg\" class=\"attachment-medium size-medium wp-image-2273\" alt=\"L\u00e2mpadas de LED H7 e modelos de far\u00f3is de LED H11 no atacado para o mercado de reposi\u00e7\u00e3o automotivo\" srcset=\"https:\/\/xienauto.com\/wp-content\/uploads\/2026\/03\/smaller-2026-03-08T05_22_37.577Z-300x164.jpeg 300w, https:\/\/xienauto.com\/wp-content\/uploads\/2026\/03\/smaller-2026-03-08T05_22_37.577Z-1024x559.jpeg 1024w, https:\/\/xienauto.com\/wp-content\/uploads\/2026\/03\/smaller-2026-03-08T05_22_37.577Z-768x419.jpeg 768w, https:\/\/xienauto.com\/wp-content\/uploads\/2026\/03\/smaller-2026-03-08T05_22_37.577Z-1536x838.jpeg 1536w, https:\/\/xienauto.com\/wp-content\/uploads\/2026\/03\/smaller-2026-03-08T05_22_37.577Z-2048x1117.jpeg 2048w, https:\/\/xienauto.com\/wp-content\/uploads\/2026\/03\/smaller-2026-03-08T05_22_37.577Z-18x10.jpeg 18w, https:\/\/xienauto.com\/wp-content\/uploads\/2026\/03\/smaller-2026-03-08T05_22_37.577Z-600x327.jpeg 600w\" sizes=\"(max-width: 300px) 100vw, 300px\" \/><\/div><\/a>\n\t\t\t\t<div class=\"elementor-post__text\">\n\t\t\t\t<h3 class=\"elementor-post__title\">\n\t\t\t<a href=\"https:\/\/xienauto.com\/pt\/news\/wholesale-h7-led-bulbs-market-analysis\/\" >\n\t\t\t\tAn\u00e1lise dos modelos de far\u00f3is H7 e H11 mais vendidos para distribuidores em 2026\t\t\t<\/a>\n\t\t<\/h3>\n\t\t\t\t<\/div>\n\t\t\t\t\t<\/div>\n\t\t<\/article>\n\t\t\t\t<article class=\"elementor-post elementor-grid-item post-2245 post type-post status-publish format-standard has-post-thumbnail hentry category-news category-led-headlights\" role=\"listitem\">\n\t\t\t<div class=\"elementor-post__card\">\n\t\t\t\t<a class=\"elementor-post__thumbnail__link\" href=\"https:\/\/xienauto.com\/pt\/news\/quality-control-led-bulbs-process\/\" tabindex=\"-1\" ><div class=\"elementor-post__thumbnail\"><img loading=\"lazy\" decoding=\"async\" width=\"300\" height=\"167\" src=\"https:\/\/xienauto.com\/wp-content\/uploads\/2026\/03\/smaller-2026-03-02T11_46_27.248Z-300x167.jpeg\" class=\"attachment-medium size-medium wp-image-2255\" alt=\"Teste de l\u00e2mpadas LED de controle de qualidade na linha de produ\u00e7\u00e3o automatizada\" srcset=\"https:\/\/xienauto.com\/wp-content\/uploads\/2026\/03\/smaller-2026-03-02T11_46_27.248Z-300x167.jpeg 300w, https:\/\/xienauto.com\/wp-content\/uploads\/2026\/03\/smaller-2026-03-02T11_46_27.248Z-1024x572.jpeg 1024w, https:\/\/xienauto.com\/wp-content\/uploads\/2026\/03\/smaller-2026-03-02T11_46_27.248Z-768x429.jpeg 768w, https:\/\/xienauto.com\/wp-content\/uploads\/2026\/03\/smaller-2026-03-02T11_46_27.248Z-18x10.jpeg 18w, https:\/\/xienauto.com\/wp-content\/uploads\/2026\/03\/smaller-2026-03-02T11_46_27.248Z-600x335.jpeg 600w, https:\/\/xienauto.com\/wp-content\/uploads\/2026\/03\/smaller-2026-03-02T11_46_27.248Z.jpeg 1376w\" sizes=\"(max-width: 300px) 100vw, 300px\" \/><\/div><\/a>\n\t\t\t\t<div class=\"elementor-post__text\">\n\t\t\t\t<h3 class=\"elementor-post__title\">\n\t\t\t<a href=\"https:\/\/xienauto.com\/pt\/news\/quality-control-led-bulbs-process\/\" >\n\t\t\t\tBastidores: como a Xienauto garante uma taxa de defeitos abaixo de 1%\t\t\t<\/a>\n\t\t<\/h3>\n\t\t\t\t<\/div>\n\t\t\t\t\t<\/div>\n\t\t<\/article>\n\t\t\t\t<article class=\"elementor-post elementor-grid-item post-2238 post type-post status-publish format-standard has-post-thumbnail hentry category-news category-led-headlights\" role=\"listitem\">\n\t\t\t<div class=\"elementor-post__card\">\n\t\t\t\t<a class=\"elementor-post__thumbnail__link\" href=\"https:\/\/xienauto.com\/pt\/news\/led-headlight-supplier-guide\/\" tabindex=\"-1\" ><div class=\"elementor-post__thumbnail\"><img loading=\"lazy\" decoding=\"async\" width=\"300\" height=\"164\" src=\"https:\/\/xienauto.com\/wp-content\/uploads\/2026\/03\/smaller-2026-03-01T11_23_42.685Z-300x164.jpeg\" class=\"attachment-medium size-medium wp-image-2244\" alt=\"Teste de padr\u00e3o de feixe nas instala\u00e7\u00f5es do fornecedor profissional de far\u00f3is de LED\" srcset=\"https:\/\/xienauto.com\/wp-content\/uploads\/2026\/03\/smaller-2026-03-01T11_23_42.685Z-300x164.jpeg 300w, https:\/\/xienauto.com\/wp-content\/uploads\/2026\/03\/smaller-2026-03-01T11_23_42.685Z-1024x559.jpeg 1024w, https:\/\/xienauto.com\/wp-content\/uploads\/2026\/03\/smaller-2026-03-01T11_23_42.685Z-768x419.jpeg 768w, https:\/\/xienauto.com\/wp-content\/uploads\/2026\/03\/smaller-2026-03-01T11_23_42.685Z-18x10.jpeg 18w, https:\/\/xienauto.com\/wp-content\/uploads\/2026\/03\/smaller-2026-03-01T11_23_42.685Z-600x327.jpeg 600w, https:\/\/xienauto.com\/wp-content\/uploads\/2026\/03\/smaller-2026-03-01T11_23_42.685Z.jpeg 1408w\" sizes=\"(max-width: 300px) 100vw, 300px\" \/><\/div><\/a>\n\t\t\t\t<div class=\"elementor-post__text\">\n\t\t\t\t<h3 class=\"elementor-post__title\">\n\t\t\t<a href=\"https:\/\/xienauto.com\/pt\/news\/led-headlight-supplier-guide\/\" >\n\t\t\t\tGuia do comprador para a escolha de um fornecedor confi\u00e1vel de far\u00f3is de LED\t\t\t<\/a>\n\t\t<\/h3>\n\t\t\t\t<\/div>\n\t\t\t\t\t<\/div>\n\t\t<\/article>\n\t\t\t\t<article class=\"elementor-post elementor-grid-item post-2224 post type-post status-publish format-standard has-post-thumbnail hentry category-news category-led-headlights\" role=\"listitem\">\n\t\t\t<div class=\"elementor-post__card\">\n\t\t\t\t<a class=\"elementor-post__thumbnail__link\" href=\"https:\/\/xienauto.com\/pt\/news\/led-headlight-manufacturers-guide\/\" tabindex=\"-1\" ><div class=\"elementor-post__thumbnail\"><img loading=\"lazy\" decoding=\"async\" width=\"300\" height=\"164\" src=\"https:\/\/xienauto.com\/wp-content\/uploads\/2026\/02\/smaller-2026-02-12T01_39_38.038Z-300x164.jpeg\" class=\"attachment-medium size-medium wp-image-2229\" alt=\"Linha de produ\u00e7\u00e3o e teste de feixe de luz para fabricantes de far\u00f3is de LED\" srcset=\"https:\/\/xienauto.com\/wp-content\/uploads\/2026\/02\/smaller-2026-02-12T01_39_38.038Z-300x164.jpeg 300w, https:\/\/xienauto.com\/wp-content\/uploads\/2026\/02\/smaller-2026-02-12T01_39_38.038Z-1024x559.jpeg 1024w, https:\/\/xienauto.com\/wp-content\/uploads\/2026\/02\/smaller-2026-02-12T01_39_38.038Z-768x419.jpeg 768w, https:\/\/xienauto.com\/wp-content\/uploads\/2026\/02\/smaller-2026-02-12T01_39_38.038Z-1536x838.jpeg 1536w, https:\/\/xienauto.com\/wp-content\/uploads\/2026\/02\/smaller-2026-02-12T01_39_38.038Z-2048x1117.jpeg 2048w, https:\/\/xienauto.com\/wp-content\/uploads\/2026\/02\/smaller-2026-02-12T01_39_38.038Z-18x10.jpeg 18w, https:\/\/xienauto.com\/wp-content\/uploads\/2026\/02\/smaller-2026-02-12T01_39_38.038Z-600x327.jpeg 600w\" sizes=\"(max-width: 300px) 100vw, 300px\" \/><\/div><\/a>\n\t\t\t\t<div class=\"elementor-post__text\">\n\t\t\t\t<h3 class=\"elementor-post__title\">\n\t\t\t<a href=\"https:\/\/xienauto.com\/pt\/news\/led-headlight-manufacturers-guide\/\" >\n\t\t\t\tGuia do comprador para fabricantes de far\u00f3is de LED: 10 considera\u00e7\u00f5es importantes para compras B2B\t\t\t<\/a>\n\t\t<\/h3>\n\t\t\t\t<\/div>\n\t\t\t\t\t<\/div>\n\t\t<\/article>\n\t\t\t\t<\/div>\n\t\t\n\t\t\t\t<div class=\"e-load-more-anchor\" data-page=\"1\" data-max-page=\"7\" data-next-page=\"https:\/\/xienauto.com\/pt\/wp-json\/wp\/v2\/pages\/51\/page\/2\/\"><\/div>\n\t\t\t\t<nav class=\"elementor-pagination\" aria-label=\"Pagina\u00e7\u00e3o\">\n\t\t\t<span class=\"page-numbers prev\">\" Anterior<\/span>\n<span aria-current=\"page\" class=\"page-numbers current\"><span class=\"elementor-screen-only\">P\u00e1gina<\/span>1<\/span>\n<a class=\"page-numbers\" href=\"https:\/\/xienauto.com\/pt\/wp-json\/wp\/v2\/pages\/51\/page\/2\/\"><span class=\"elementor-screen-only\">P\u00e1gina<\/span>2<\/a>\n<a class=\"page-numbers\" href=\"https:\/\/xienauto.com\/pt\/wp-json\/wp\/v2\/pages\/51\/page\/3\/\"><span class=\"elementor-screen-only\">P\u00e1gina<\/span>3<\/a>\n<span class=\"page-numbers dots\">&hellip;<\/span>\n<a class=\"page-numbers\" href=\"https:\/\/xienauto.com\/pt\/wp-json\/wp\/v2\/pages\/51\/page\/7\/\"><span class=\"elementor-screen-only\">P\u00e1gina<\/span>7<\/a>\n<a class=\"page-numbers next\" href=\"https:\/\/xienauto.com\/pt\/wp-json\/wp\/v2\/pages\/51\/page\/2\/\">Pr\u00f3ximo \"<\/a>\t\t<\/nav>\n\t\t\t\t\t\t<\/div>\n\t\t\t\t<\/div>\n\t\t\t\t\t<\/div>\n\t\t\t\t<\/div>\n\t\t\t\t<\/div>","protected":false},"excerpt":{"rendered":"<p>NEWS CENTER Obtain recent automotive LED headlight trends.<\/p>","protected":false},"author":1,"featured_media":0,"parent":0,"menu_order":0,"comment_status":"closed","ping_status":"closed","template":"","meta":{"_kad_post_transparent":"","_kad_post_title":"hide","_kad_post_layout":"fullwidth","_kad_post_sidebar_id":"","_kad_post_content_style":"unboxed","_kad_post_vertical_padding":"hide","_kad_post_feature":"hide","_kad_post_feature_position":"","_kad_post_header":false,"_kad_post_footer":false,"_kad_post_classname":"","footnotes":""},"class_list":["post-51","page","type-page","status-publish","hentry"],"_links":{"self":[{"href":"https:\/\/xienauto.com\/pt\/wp-json\/wp\/v2\/pages\/51","targetHints":{"allow":["GET"]}}],"collection":[{"href":"https:\/\/xienauto.com\/pt\/wp-json\/wp\/v2\/pages"}],"about":[{"href":"https:\/\/xienauto.com\/pt\/wp-json\/wp\/v2\/types\/page"}],"author":[{"embeddable":true,"href":"https:\/\/xienauto.com\/pt\/wp-json\/wp\/v2\/users\/1"}],"replies":[{"embeddable":true,"href":"https:\/\/xienauto.com\/pt\/wp-json\/wp\/v2\/comments?post=51"}],"version-history":[{"count":35,"href":"https:\/\/xienauto.com\/pt\/wp-json\/wp\/v2\/pages\/51\/revisions"}],"predecessor-version":[{"id":1508,"href":"https:\/\/xienauto.com\/pt\/wp-json\/wp\/v2\/pages\/51\/revisions\/1508"}],"wp:attachment":[{"href":"https:\/\/xienauto.com\/pt\/wp-json\/wp\/v2\/media?parent=51"}],"curies":[{"name":"wp","href":"https:\/\/api.w.org\/{rel}","templated":true}]}}