{"id":18,"date":"2025-09-25T01:25:46","date_gmt":"2025-09-25T01:25:46","guid":{"rendered":"https:\/\/cornflowerblue-pigeon-852130.hostingersite.com\/?page_id=18"},"modified":"2025-10-11T06:37:58","modified_gmt":"2025-10-11T06:37:58","slug":"sobre-nos","status":"publish","type":"page","link":"https:\/\/xienauto.com\/pt\/about-us\/","title":{"rendered":"Sobre n\u00f3s"},"content":{"rendered":"<div data-elementor-type=\"wp-post\" data-elementor-id=\"18\" class=\"elementor elementor-18\" data-elementor-post-type=\"page\">\n\t\t\t\t<div class=\"elementor-element elementor-element-498bfeb e-con-full e-flex e-con e-parent\" data-id=\"498bfeb\" data-element_type=\"container\" data-e-type=\"container\" data-settings=\"{&quot;background_background&quot;:&quot;classic&quot;}\">\n\t\t\t\t<div class=\"elementor-element elementor-element-9462ccd elementor-widget elementor-widget-heading\" data-id=\"9462ccd\" data-element_type=\"widget\" data-e-type=\"widget\" data-widget_type=\"heading.default\">\n\t\t\t\t\t<h2 class=\"elementor-heading-title elementor-size-default\">A hist\u00f3ria da Xienauto come\u00e7a aqui<\/h2>\t\t\t\t<\/div>\n\t\t\t\t<\/div>\n\t\t<div class=\"elementor-element elementor-element-d120a94 e-con-full e-flex e-con e-parent\" data-id=\"d120a94\" data-element_type=\"container\" data-e-type=\"container\">\n\t\t<div class=\"elementor-element elementor-element-0423cbe e-con-full e-flex e-con e-child\" data-id=\"0423cbe\" data-element_type=\"container\" data-e-type=\"container\">\n\t\t\t\t<div class=\"elementor-element elementor-element-9185a67 elementor-widget elementor-widget-image\" data-id=\"9185a67\" data-element_type=\"widget\" data-e-type=\"widget\" data-widget_type=\"image.default\">\n\t\t\t\t\t\t\t\t\t\t\t\t\t\t\t<img fetchpriority=\"high\" decoding=\"async\" width=\"1024\" height=\"576\" src=\"https:\/\/xienauto.com\/wp-content\/uploads\/2025\/09\/\u672a\u547d\u540d\u9879\u76ee-\u56fe\u5c42-1-9-1024x576.jpeg\" class=\"attachment-large size-large wp-image-205\" alt=\"\" srcset=\"\" sizes=\"(max-width: 1024px) 100vw, 1024px\" data-srcset=\"\" \/>\t\t\t\t\t\t\t\t\t\t\t\t\t\t\t<\/div>\n\t\t\t\t<\/div>\n\t\t<div class=\"elementor-element elementor-element-ef9c887 e-con-full e-flex e-con e-child\" data-id=\"ef9c887\" data-element_type=\"container\" data-e-type=\"container\">\n\t\t\t\t<div class=\"elementor-element elementor-element-4e7119d elementor-widget elementor-widget-heading\" data-id=\"4e7119d\" data-element_type=\"widget\" data-e-type=\"widget\" data-widget_type=\"heading.default\">\n\t\t\t\t\t<h2 class=\"elementor-heading-title elementor-size-default\">Engineering Brilliance, Illuminating the Future | Xienauto - Seu especialista confi\u00e1vel em solu\u00e7\u00f5es de ilumina\u00e7\u00e3o automotiva<\/h2>\t\t\t\t<\/div>\n\t\t\t\t<div class=\"elementor-element elementor-element-1e8aa7c elementor-widget elementor-widget-text-editor\" data-id=\"1e8aa7c\" data-element_type=\"widget\" data-e-type=\"widget\" data-widget_type=\"text-editor.default\">\n\t\t\t\t\t\t\t\t\t<p>Bem-vindo \u00e0 Xienauto, uma empresa l\u00edder em tecnologia <b>Fabricante de l\u00e2mpadas LED para carros<\/b> A empresa \u00e9 uma das principais fornecedoras de solu\u00e7\u00f5es e produtos do setor global de ilumina\u00e7\u00e3o automotiva. Desde a nossa funda\u00e7\u00e3o, nos dedicamos a projetar, desenvolver e fabricar produtos de alto desempenho e confi\u00e1veis. <b>Luzes LED para carros<\/b> para uma clientela global. Somos mais do que apenas um fornecedor; somos seu parceiro estrat\u00e9gico para alcan\u00e7ar o sucesso no mercado.<\/p><p>Com profundo conhecimento em design \u00f3ptico, gerenciamento t\u00e9rmico e engenharia eletr\u00f4nica, entendemos as rigorosas exig\u00eancias que nossos clientes imp\u00f5em ao desempenho, \u00e0 durabilidade e \u00e0 seguran\u00e7a de <b>Far\u00f3is de LED<\/b>. Combinamos a precis\u00e3o dos engenheiros com a paix\u00e3o pela inova\u00e7\u00e3o para garantir que cada <b>luz de LED de alta qualidade para carros<\/b> que saem de nossa f\u00e1brica atendem e excedem os mais altos padr\u00f5es do setor.<\/p>\t\t\t\t\t\t\t\t<\/div>\n\t\t\t\t<\/div>\n\t\t\t\t<\/div>\n\t\t<div class=\"elementor-element elementor-element-da67217 e-con-full e-flex e-con e-parent\" data-id=\"da67217\" data-element_type=\"container\" data-e-type=\"container\">\n\t\t<div class=\"elementor-element elementor-element-f2ba179 e-con-full e-flex e-con e-child\" data-id=\"f2ba179\" data-element_type=\"container\" data-e-type=\"container\">\n\t\t\t\t<div class=\"elementor-element elementor-element-a4f0aba elementor-widget elementor-widget-heading\" data-id=\"a4f0aba\" data-element_type=\"widget\" data-e-type=\"widget\" data-widget_type=\"heading.default\">\n\t\t\t\t\t<h2 class=\"elementor-heading-title elementor-size-default\"><span style=\", sans-serif;font-size: 45px;font-weight: 400;text-align: center\">20.000\u33a1<\/span><\/h2>\t\t\t\t<\/div>\n\t\t\t\t<div class=\"elementor-element elementor-element-2648c3d elementor-widget elementor-widget-text-editor\" data-id=\"2648c3d\" data-element_type=\"widget\" data-e-type=\"widget\" data-widget_type=\"text-editor.default\">\n\t\t\t\t\t\t\t\t\t<p><span style=\"color: #4b4f58; font-family: 'Noto Sans', sans-serif; font-size: 20px; text-align: center;\">F\u00c1BRICA<\/span><\/p>\t\t\t\t\t\t\t\t<\/div>\n\t\t\t\t<\/div>\n\t\t<div class=\"elementor-element elementor-element-7b391aa e-con-full e-flex e-con e-child\" data-id=\"7b391aa\" data-element_type=\"container\" data-e-type=\"container\">\n\t\t\t\t<div class=\"elementor-element elementor-element-a31c052 elementor-widget elementor-widget-heading\" data-id=\"a31c052\" data-element_type=\"widget\" data-e-type=\"widget\" data-widget_type=\"heading.default\">\n\t\t\t\t\t<h2 class=\"elementor-heading-title elementor-size-default\"><span style=\", sans-serif;font-size: 45px;font-weight: 400;text-align: center\">300+<\/span><\/h2>\t\t\t\t<\/div>\n\t\t\t\t<div class=\"elementor-element elementor-element-2a44a3a elementor-widget elementor-widget-text-editor\" data-id=\"2a44a3a\" data-element_type=\"widget\" data-e-type=\"widget\" data-widget_type=\"text-editor.default\">\n\t\t\t\t\t\t\t\t\t<p><span style=\"color: #4b4f58; font-family: 'Noto Sans', sans-serif; font-size: 20px; text-align: center;\">PRODUTOS DE PATENTE<\/span><\/p>\t\t\t\t\t\t\t\t<\/div>\n\t\t\t\t<\/div>\n\t\t<div class=\"elementor-element elementor-element-b74ac47 e-con-full e-flex e-con e-child\" data-id=\"b74ac47\" data-element_type=\"container\" data-e-type=\"container\">\n\t\t\t\t<div class=\"elementor-element elementor-element-fe8c1c8 elementor-widget elementor-widget-heading\" data-id=\"fe8c1c8\" data-element_type=\"widget\" data-e-type=\"widget\" data-widget_type=\"heading.default\">\n\t\t\t\t\t<h2 class=\"elementor-heading-title elementor-size-default\"><span style=\", sans-serif;font-size: 45px;font-weight: 400;text-align: center\">50+<\/span><\/h2>\t\t\t\t<\/div>\n\t\t\t\t<div class=\"elementor-element elementor-element-61933ec elementor-widget elementor-widget-text-editor\" data-id=\"61933ec\" data-element_type=\"widget\" data-e-type=\"widget\" data-widget_type=\"text-editor.default\">\n\t\t\t\t\t\t\t\t\t<p><span style=\"color: #4b4f58; font-family: 'Noto Sans', sans-serif; font-size: 20px; text-align: center;\">PARCEIROS GLOBAIS<\/span><\/p>\t\t\t\t\t\t\t\t<\/div>\n\t\t\t\t<\/div>\n\t\t\t\t<\/div>\n\t\t<div class=\"elementor-element elementor-element-2880558 e-flex e-con-boxed e-con e-parent\" data-id=\"2880558\" data-element_type=\"container\" data-e-type=\"container\">\n\t\t\t\t\t<div class=\"e-con-inner\">\n\t\t\t\t<div class=\"elementor-element elementor-element-0830f4d elementor-widget elementor-widget-spacer\" data-id=\"0830f4d\" data-element_type=\"widget\" data-e-type=\"widget\" data-widget_type=\"spacer.default\">\n\t\t\t\t\t\t\t<div class=\"elementor-spacer\">\n\t\t\t<div class=\"elementor-spacer-inner\"><\/div>\n\t\t<\/div>\n\t\t\t\t\t\t<\/div>\n\t\t\t\t\t<\/div>\n\t\t\t\t<\/div>\n\t\t<div class=\"elementor-element elementor-element-4650644 e-flex e-con-boxed e-con e-parent\" data-id=\"4650644\" data-element_type=\"container\" data-e-type=\"container\" data-settings=\"{&quot;background_background&quot;:&quot;classic&quot;}\">\n\t\t\t\t\t<div class=\"e-con-inner\">\n\t\t<div class=\"elementor-element elementor-element-8280ef9 e-con-full e-flex e-con e-child\" data-id=\"8280ef9\" data-element_type=\"container\" data-e-type=\"container\">\n\t\t\t\t<div class=\"elementor-element elementor-element-7a44a8a elementor-widget elementor-widget-heading\" data-id=\"7a44a8a\" data-element_type=\"widget\" data-e-type=\"widget\" data-widget_type=\"heading.default\">\n\t\t\t\t\t<h1 class=\"elementor-heading-title elementor-size-default\">XIENAUTO\n\nREDE DE DISTRIBUIDORES<\/h1>\t\t\t\t<\/div>\n\t\t\t\t<div class=\"elementor-element elementor-element-9b5dda3 elementor-widget elementor-widget-text-editor\" data-id=\"9b5dda3\" data-element_type=\"widget\" data-e-type=\"widget\" data-widget_type=\"text-editor.default\">\n\t\t\t\t\t\t\t\t\t<p><span style=\"color: #000000; font-family: 'Noto Sans', sans-serif; font-size: 16px; background-color: rgba(246, 246, 246, 0.965);\">A Xienauto construiu uma presen\u00e7a global robusta por meio de nossa rede de distribuidores, em parceria com mais de\u00a0<span style=\"color: #0070c0;\"><span style=\"font-weight: bold;\">50 distribuidores<\/span><\/span><\/span><span style=\"color: #000000; font-family: 'Noto Sans', sans-serif; font-size: 16px; background-color: rgba(246, 246, 246, 0.965);\">\u00a0<\/span><span style=\"color: #000000; font-family: 'Noto Sans', sans-serif; font-size: 16px; background-color: rgba(246, 246, 246, 0.965);\">em mais de 60 pa\u00edses em todo o mundo. Nossa pol\u00edtica \"Uma regi\u00e3o, um distribuidor\" garante a prote\u00e7\u00e3o do mercado e a lucratividade saud\u00e1vel para nossos parceiros, com o apoio de estrat\u00e9gias de marketing localizadas e assist\u00eancia t\u00e9cnica de nossa equipe de profissionais.<\/span><\/p>\t\t\t\t\t\t\t\t<\/div>\n\t\t\t\t<div class=\"elementor-element elementor-element-c2443ee elementor-widget elementor-widget-button\" data-id=\"c2443ee\" data-element_type=\"widget\" data-e-type=\"widget\" data-widget_type=\"button.default\">\n\t\t\t\t\t\t\t\t\t\t<a class=\"elementor-button elementor-button-link elementor-size-sm\" href=\"https:\/\/xienauto.com\/contact-us\">\n\t\t\t\t\t\t<span class=\"elementor-button-content-wrapper\">\n\t\t\t\t\t\t\t\t\t<span class=\"elementor-button-text\">Torne-se nosso parceiro hoje mesmo<\/span>\n\t\t\t\t\t<\/span>\n\t\t\t\t\t<\/a>\n\t\t\t\t\t\t\t\t<\/div>\n\t\t\t\t<\/div>\n\t\t<div class=\"elementor-element elementor-element-fe980a7 e-con-full e-flex e-con e-child\" data-id=\"fe980a7\" data-element_type=\"container\" data-e-type=\"container\">\n\t\t\t\t<div class=\"elementor-element elementor-element-6a2f93c elementor-widget elementor-widget-image\" data-id=\"6a2f93c\" data-element_type=\"widget\" data-e-type=\"widget\" data-widget_type=\"image.default\">\n\t\t\t\t\t\t\t\t\t\t\t\t\t\t\t<img decoding=\"async\" width=\"1024\" height=\"576\" src=\"https:\/\/xienauto.com\/wp-content\/uploads\/2025\/09\/\u672a\u547d\u540d\u9879\u76ee-\u56fe\u5c42-1-15-1024x576.jpeg\" class=\"attachment-large size-large wp-image-276\" alt=\"\" srcset=\"\" sizes=\"(max-width: 1024px) 100vw, 1024px\" data-srcset=\"\" \/>\t\t\t\t\t\t\t\t\t\t\t\t\t\t\t<\/div>\n\t\t\t\t<\/div>\n\t\t\t\t\t<\/div>\n\t\t\t\t<\/div>\n\t\t<div class=\"elementor-element elementor-element-7206e5e e-flex e-con-boxed e-con e-parent\" data-id=\"7206e5e\" data-element_type=\"container\" data-e-type=\"container\">\n\t\t\t\t\t<div class=\"e-con-inner\">\n\t\t<div class=\"elementor-element elementor-element-b5d288a e-con-full e-flex e-con e-child\" data-id=\"b5d288a\" data-element_type=\"container\" data-e-type=\"container\">\n\t\t\t\t<div class=\"elementor-element elementor-element-b0fdfb6 elementor-align-center elementor-widget elementor-widget-button\" data-id=\"b0fdfb6\" data-element_type=\"widget\" data-e-type=\"widget\" data-widget_type=\"button.default\">\n\t\t\t\t\t\t\t\t\t\t<a class=\"elementor-button elementor-button-link elementor-size-sm\" href=\"#\">\n\t\t\t\t\t\t<span class=\"elementor-button-content-wrapper\">\n\t\t\t\t\t\t<span class=\"elementor-button-icon\">\n\t\t\t\t<svg aria-hidden=\"true\" class=\"e-font-icon-svg e-far-arrow-alt-circle-right\" viewbox=\"0 0 512 512\" xmlns=\"http:\/\/www.w3.org\/2000\/svg\"><path d=\"M504 256C504 119 393 8 256 8S8 119 8 256s111 248 248 248 248-111 248-248zm-448 0c0-110.5 89.5-200 200-200s200 89.5 200 200-89.5 200-200 200S56 366.5 56 256zm72 20v-40c0-6.6 5.4-12 12-12h116v-67c0-10.7 12.9-16 20.5-8.5l99 99c4.7 4.7 4.7 12.3 0 17l-99 99c-7.6 7.6-20.5 2.2-20.5-8.5v-67H140c-6.6 0-12-5.4-12-12z\"><\/path><\/svg>\t\t\t<\/span>\n\t\t\t\t\t\t\t\t\t<span class=\"elementor-button-text\">A f\u00e1brica<\/span>\n\t\t\t\t\t<\/span>\n\t\t\t\t\t<\/a>\n\t\t\t\t\t\t\t\t<\/div>\n\t\t\t\t<\/div>\n\t\t<div class=\"elementor-element elementor-element-c702900 e-con-full e-flex e-con e-child\" data-id=\"c702900\" data-element_type=\"container\" data-e-type=\"container\">\n\t\t\t\t<div class=\"elementor-element elementor-element-31bc71c elementor-align-center elementor-widget elementor-widget-button\" data-id=\"31bc71c\" data-element_type=\"widget\" data-e-type=\"widget\" data-widget_type=\"button.default\">\n\t\t\t\t\t\t\t\t\t\t<a class=\"elementor-button elementor-button-link elementor-size-sm\" href=\"#\">\n\t\t\t\t\t\t<span class=\"elementor-button-content-wrapper\">\n\t\t\t\t\t\t<span class=\"elementor-button-icon\">\n\t\t\t\t<svg aria-hidden=\"true\" class=\"e-font-icon-svg e-far-arrow-alt-circle-right\" viewbox=\"0 0 512 512\" xmlns=\"http:\/\/www.w3.org\/2000\/svg\"><path d=\"M504 256C504 119 393 8 256 8S8 119 8 256s111 248 248 248 248-111 248-248zm-448 0c0-110.5 89.5-200 200-200s200 89.5 200 200-89.5 200-200 200S56 366.5 56 256zm72 20v-40c0-6.6 5.4-12 12-12h116v-67c0-10.7 12.9-16 20.5-8.5l99 99c4.7 4.7 4.7 12.3 0 17l-99 99c-7.6 7.6-20.5 2.2-20.5-8.5v-67H140c-6.6 0-12-5.4-12-12z\"><\/path><\/svg>\t\t\t<\/span>\n\t\t\t\t\t\t\t\t\t<span class=\"elementor-button-text\">A empresa<\/span>\n\t\t\t\t\t<\/span>\n\t\t\t\t\t<\/a>\n\t\t\t\t\t\t\t\t<\/div>\n\t\t\t\t<\/div>\n\t\t\t\t\t<\/div>\n\t\t\t\t<\/div>\n\t\t<div class=\"elementor-element elementor-element-cc8d03a e-flex e-con-boxed e-con e-parent\" data-id=\"cc8d03a\" data-element_type=\"container\" data-e-type=\"container\">\n\t\t\t\t\t<div class=\"e-con-inner\">\n\t\t\t\t<div class=\"elementor-element elementor-element-5aa1d2f elementor-widget elementor-widget-spacer\" data-id=\"5aa1d2f\" data-element_type=\"widget\" data-e-type=\"widget\" data-widget_type=\"spacer.default\">\n\t\t\t\t\t\t\t<div class=\"elementor-spacer\">\n\t\t\t<div class=\"elementor-spacer-inner\"><\/div>\n\t\t<\/div>\n\t\t\t\t\t\t<\/div>\n\t\t\t\t\t<\/div>\n\t\t\t\t<\/div>\n\t\t<div class=\"elementor-element elementor-element-12175bd e-flex e-con-boxed e-con e-parent\" data-id=\"12175bd\" data-element_type=\"container\" data-e-type=\"container\">\n\t\t\t\t\t<div class=\"e-con-inner\">\n\t\t\t\t<div class=\"elementor-element elementor-element-fe530cc elementor-widget elementor-widget-heading\" data-id=\"fe530cc\" data-element_type=\"widget\" data-e-type=\"widget\" data-widget_type=\"heading.default\">\n\t\t\t\t\t<h2 class=\"elementor-heading-title elementor-size-default\">O principal segredo do sucesso da XIENAUTO<\/h2>\t\t\t\t<\/div>\n\t\t\t\t\t<\/div>\n\t\t\t\t<\/div>\n\t\t<div class=\"elementor-element elementor-element-ad232cb e-flex e-con-boxed e-con e-parent\" data-id=\"ad232cb\" data-element_type=\"container\" data-e-type=\"container\">\n\t\t\t\t\t<div class=\"e-con-inner\">\n\t\t<div class=\"elementor-element elementor-element-ae1853b e-con-full e-flex e-con e-child\" data-id=\"ae1853b\" data-element_type=\"container\" data-e-type=\"container\">\n\t\t\t\t<div class=\"elementor-element elementor-element-fb75441 elementor-widget elementor-widget-heading\" data-id=\"fb75441\" data-element_type=\"widget\" data-e-type=\"widget\" data-widget_type=\"heading.default\">\n\t\t\t\t\t<h2 class=\"elementor-heading-title elementor-size-default\">Forte for\u00e7a t\u00e9cnica e de P&amp;D<\/h2>\t\t\t\t<\/div>\n\t\t\t\t<div class=\"elementor-element elementor-element-8e35409 elementor-widget elementor-widget-text-editor\" data-id=\"8e35409\" data-element_type=\"widget\" data-e-type=\"widget\" data-widget_type=\"text-editor.default\">\n\t\t\t\t\t\t\t\t\t<p>Nossa equipe de P&amp;D, composta por engenheiros \u00f3pticos e el\u00e9tricos seniores, concentra-se na vanguarda da <b>LED de n\u00edvel automotivo<\/b> tecnologia. Nosso compromisso \u00e9 com o design \u00f3ptico de precis\u00e3o, garantindo que cada <b>Farol de LED<\/b> apresenta um padr\u00e3o de feixe impec\u00e1vel em conformidade com padr\u00f5es internacionais como DOT, SAE e E-Mark - a marca registrada de um verdadeiro <b>luz de LED de alta qualidade para carros<\/b>.<\/p>\t\t\t\t\t\t\t\t<\/div>\n\t\t\t\t<\/div>\n\t\t<div class=\"elementor-element elementor-element-3f259c7 e-con-full e-flex e-con e-child\" data-id=\"3f259c7\" data-element_type=\"container\" data-e-type=\"container\">\n\t\t\t\t<div class=\"elementor-element elementor-element-b5c1741 elementor-widget elementor-widget-image\" data-id=\"b5c1741\" data-element_type=\"widget\" data-e-type=\"widget\" data-widget_type=\"image.default\">\n\t\t\t\t\t\t\t\t\t\t\t\t\t\t\t<img decoding=\"async\" width=\"1024\" height=\"576\" src=\"https:\/\/xienauto.com\/wp-content\/uploads\/2025\/09\/\u672a\u547d\u540d\u9879\u76ee-\u56fe\u5c42-1-16-1024x576.jpeg\" class=\"attachment-large size-large wp-image-281\" alt=\"Um engenheiro de P&amp;D da Xienauto analisando um modelo hologr\u00e1fico de um farol de LED automotivo, mostrando a inova\u00e7\u00e3o tecnol\u00f3gica.\" srcset=\"\" sizes=\"(max-width: 1024px) 100vw, 1024px\" data-srcset=\"\" \/>\t\t\t\t\t\t\t\t\t\t\t\t\t\t\t<\/div>\n\t\t\t\t<\/div>\n\t\t\t\t\t<\/div>\n\t\t\t\t<\/div>\n\t\t<div class=\"elementor-element elementor-element-b977d98 e-flex e-con-boxed e-con e-parent\" data-id=\"b977d98\" data-element_type=\"container\" data-e-type=\"container\">\n\t\t\t\t\t<div class=\"e-con-inner\">\n\t\t<div class=\"elementor-element elementor-element-be7cc09 e-con-full e-flex e-con e-child\" data-id=\"be7cc09\" data-element_type=\"container\" data-e-type=\"container\">\n\t\t\t\t<div class=\"elementor-element elementor-element-a95c551 elementor-widget elementor-widget-image\" data-id=\"a95c551\" data-element_type=\"widget\" data-e-type=\"widget\" data-widget_type=\"image.default\">\n\t\t\t\t\t\t\t\t\t\t\t\t\t\t\t<img loading=\"lazy\" decoding=\"async\" width=\"1024\" height=\"576\" src=\"https:\/\/xienauto.com\/wp-content\/uploads\/2025\/09\/\u672a\u547d\u540d\u9879\u76ee-\u56fe\u5c42-1-17-1024x576.jpeg\" class=\"attachment-large size-large wp-image-283\" alt=\"Dentro da f\u00e1brica de l\u00e2mpadas LED para carros da Xienauto, os trabalhadores montam uma l\u00e2mpada LED de alta qualidade para carros.\" srcset=\"\" sizes=\"(max-width: 1024px) 100vw, 1024px\" data-srcset=\"\" \/>\t\t\t\t\t\t\t\t\t\t\t\t\t\t\t<\/div>\n\t\t\t\t<\/div>\n\t\t<div class=\"elementor-element elementor-element-7fe298f e-con-full e-flex e-con e-child\" data-id=\"7fe298f\" data-element_type=\"container\" data-e-type=\"container\">\n\t\t\t\t<div class=\"elementor-element elementor-element-e230c2d elementor-widget elementor-widget-heading\" data-id=\"e230c2d\" data-element_type=\"widget\" data-e-type=\"widget\" data-widget_type=\"heading.default\">\n\t\t\t\t\t<h2 class=\"elementor-heading-title elementor-size-default\">Excelente sistema de controle de qualidade e fabrica\u00e7\u00e3o<\/h2>\t\t\t\t<\/div>\n\t\t\t\t<div class=\"elementor-element elementor-element-85b7388 elementor-widget elementor-widget-text-editor\" data-id=\"85b7388\" data-element_type=\"widget\" data-e-type=\"widget\" data-widget_type=\"text-editor.default\">\n\t\t\t\t\t\t\t\t\t<p>Como uma empresa dedicada <b>F\u00e1brica de l\u00e2mpadas LED para carros<\/b>A empresa segue rigorosamente o sistema de gerenciamento de qualidade IATF 16949. Desde o uso de produtos de primeira linha <b>LED de n\u00edvel automotivo<\/b> Al\u00e9m de realizar rigorosos testes de confiabilidade ambiental, controlamos meticulosamente cada est\u00e1gio da produ\u00e7\u00e3o para garantir um desempenho est\u00e1vel em qualquer condi\u00e7\u00e3o.<\/p>\t\t\t\t\t\t\t\t<\/div>\n\t\t\t\t<\/div>\n\t\t\t\t\t<\/div>\n\t\t\t\t<\/div>\n\t\t<div class=\"elementor-element elementor-element-4a48591 e-flex e-con-boxed e-con e-parent\" data-id=\"4a48591\" data-element_type=\"container\" data-e-type=\"container\">\n\t\t\t\t\t<div class=\"e-con-inner\">\n\t\t<div class=\"elementor-element elementor-element-c0430f3 e-con-full e-flex e-con e-child\" data-id=\"c0430f3\" data-element_type=\"container\" data-e-type=\"container\">\n\t\t\t\t<div class=\"elementor-element elementor-element-3eb0096 elementor-widget elementor-widget-heading\" data-id=\"3eb0096\" data-element_type=\"widget\" data-e-type=\"widget\" data-widget_type=\"heading.default\">\n\t\t\t\t\t<h2 class=\"elementor-heading-title elementor-size-default\">Servi\u00e7os flex\u00edveis de OEM\/ODM<\/h2>\t\t\t\t<\/div>\n\t\t\t\t<div class=\"elementor-element elementor-element-12449a7 elementor-widget elementor-widget-text-editor\" data-id=\"12449a7\" data-element_type=\"widget\" data-e-type=\"widget\" data-widget_type=\"text-editor.default\">\n\t\t\t\t\t\t\t\t\t<p>Oferecemos servi\u00e7os abrangentes, em um \u00fanico local <b>Luz LED para carro OEM\/ODM<\/b> A equipe de especialistas da SGS oferece servi\u00e7os de consultoria, compreendendo as necessidades exclusivas do mercado de diferentes marcas. Desde o projeto conceitual e a engenharia estrutural at\u00e9 a embalagem personalizada, nossa equipe de especialistas o ajudar\u00e1 a transformar rapidamente sua vis\u00e3o em um produto competitivo.<\/p>\t\t\t\t\t\t\t\t<\/div>\n\t\t\t\t<\/div>\n\t\t<div class=\"elementor-element elementor-element-dc67d0a e-con-full e-flex e-con e-child\" data-id=\"dc67d0a\" data-element_type=\"container\" data-e-type=\"container\">\n\t\t\t\t<div class=\"elementor-element elementor-element-1ff1124 elementor-widget elementor-widget-image\" data-id=\"1ff1124\" data-element_type=\"widget\" data-e-type=\"widget\" data-widget_type=\"image.default\">\n\t\t\t\t\t\t\t\t\t\t\t\t\t\t\t<img loading=\"lazy\" decoding=\"async\" width=\"1024\" height=\"576\" src=\"https:\/\/xienauto.com\/wp-content\/uploads\/2025\/09\/\u672a\u547d\u540d\u9879\u76ee-\u56fe\u5c42-1-18-1024x576.jpeg\" class=\"attachment-large size-large wp-image-310\" alt=\"O processo dos servi\u00e7os de ilumina\u00e7\u00e3o LED para carros OEM\/ODM da Xienauto: do esbo\u00e7o do projeto ao modelo 3D e ao produto final.\" srcset=\"\" sizes=\"(max-width: 1024px) 100vw, 1024px\" data-srcset=\"\" \/>\t\t\t\t\t\t\t\t\t\t\t\t\t\t\t<\/div>\n\t\t\t\t<\/div>\n\t\t\t\t\t<\/div>\n\t\t\t\t<\/div>\n\t\t<div class=\"elementor-element elementor-element-e85f44d e-flex e-con-boxed e-con e-parent\" data-id=\"e85f44d\" data-element_type=\"container\" data-e-type=\"container\">\n\t\t\t\t\t<div class=\"e-con-inner\">\n\t\t\t\t<div class=\"elementor-element elementor-element-a0111d6 elementor-widget elementor-widget-spacer\" data-id=\"a0111d6\" data-element_type=\"widget\" data-e-type=\"widget\" data-widget_type=\"spacer.default\">\n\t\t\t\t\t\t\t<div class=\"elementor-spacer\">\n\t\t\t<div class=\"elementor-spacer-inner\"><\/div>\n\t\t<\/div>\n\t\t\t\t\t\t<\/div>\n\t\t\t\t\t<\/div>\n\t\t\t\t<\/div>\n\t\t<div class=\"elementor-element elementor-element-557a9c8a e-con-full e-flex e-con e-parent\" data-id=\"557a9c8a\" data-element_type=\"container\" data-e-type=\"container\" data-settings=\"{&quot;background_background&quot;:&quot;classic&quot;}\">\n\t\t\t\t<div class=\"elementor-element elementor-element-269c9a elementor-widget elementor-widget-heading\" data-id=\"269c9a\" data-element_type=\"widget\" data-e-type=\"widget\" data-widget_type=\"heading.default\">\n\t\t\t\t\t<h2 class=\"elementor-heading-title elementor-size-default\">Procurando um fornecedor profissional de far\u00f3is de LED? <\/h2>\t\t\t\t<\/div>\n\t\t\t\t<div class=\"elementor-element elementor-element-5e4aef47 elementor-widget elementor-widget-text-editor\" data-id=\"5e4aef47\" data-element_type=\"widget\" data-e-type=\"widget\" data-widget_type=\"text-editor.default\">\n\t\t\t\t\t\t\t\t\t<p>Somos um fabricante de origem de <b>far\u00f3is de LED automotivos no atacado<\/b>. Nosso foco em qualidade superior e baixas taxas de devolu\u00e7\u00e3o garante maiores lucros para sua empresa.<\/p>\t\t\t\t\t\t\t\t<\/div>\n\t\t\t\t<div class=\"elementor-element elementor-element-46be5787 elementor-align-center elementor-widget elementor-widget-button\" data-id=\"46be5787\" data-element_type=\"widget\" data-e-type=\"widget\" data-widget_type=\"button.default\">\n\t\t\t\t\t\t\t\t\t\t<a class=\"elementor-button elementor-button-link elementor-size-sm\" href=\"#\">\n\t\t\t\t\t\t<span class=\"elementor-button-content-wrapper\">\n\t\t\t\t\t\t\t\t\t<span class=\"elementor-button-text\">Entre em contato conosco agora<\/span>\n\t\t\t\t\t<\/span>\n\t\t\t\t\t<\/a>\n\t\t\t\t\t\t\t\t<\/div>\n\t\t\t\t<\/div>\n\t\t\t\t<\/div>","protected":false},"excerpt":{"rendered":"<p>Xienauto Story Starts From Here Engineering Brilliance, Illuminating the Future | Xienauto &#8211; Your Trusted Automotive Lighting Solutions Expert Welcome to Xienauto, a technology-leading LED car light manufacturer and solutions provider in the global automotive lighting industry. Since our inception, we have been dedicated to designing, developing, and manufacturing high-performance, reliable LED car lights for&#8230;<\/p>","protected":false},"author":1,"featured_media":0,"parent":0,"menu_order":0,"comment_status":"closed","ping_status":"closed","template":"","meta":{"_kad_post_transparent":"","_kad_post_title":"hide","_kad_post_layout":"fullwidth","_kad_post_sidebar_id":"","_kad_post_content_style":"unboxed","_kad_post_vertical_padding":"hide","_kad_post_feature":"hide","_kad_post_feature_position":"","_kad_post_header":false,"_kad_post_footer":false,"_kad_post_classname":"","footnotes":""},"class_list":["post-18","page","type-page","status-publish","hentry"],"_links":{"self":[{"href":"https:\/\/xienauto.com\/pt\/wp-json\/wp\/v2\/pages\/18","targetHints":{"allow":["GET"]}}],"collection":[{"href":"https:\/\/xienauto.com\/pt\/wp-json\/wp\/v2\/pages"}],"about":[{"href":"https:\/\/xienauto.com\/pt\/wp-json\/wp\/v2\/types\/page"}],"author":[{"embeddable":true,"href":"https:\/\/xienauto.com\/pt\/wp-json\/wp\/v2\/users\/1"}],"replies":[{"embeddable":true,"href":"https:\/\/xienauto.com\/pt\/wp-json\/wp\/v2\/comments?post=18"}],"version-history":[{"count":45,"href":"https:\/\/xienauto.com\/pt\/wp-json\/wp\/v2\/pages\/18\/revisions"}],"predecessor-version":[{"id":1692,"href":"https:\/\/xienauto.com\/pt\/wp-json\/wp\/v2\/pages\/18\/revisions\/1692"}],"wp:attachment":[{"href":"https:\/\/xienauto.com\/pt\/wp-json\/wp\/v2\/media?parent=18"}],"curies":[{"name":"wp","href":"https:\/\/api.w.org\/{rel}","templated":true}]}}