{"id":1529,"date":"2025-10-15T03:02:28","date_gmt":"2025-10-15T03:02:28","guid":{"rendered":"https:\/\/xienauto.com\/?page_id=1529"},"modified":"2025-10-15T03:10:30","modified_gmt":"2025-10-15T03:10:30","slug":"sitemap","status":"publish","type":"page","link":"https:\/\/xienauto.com\/pt\/sitemap\/","title":{"rendered":"Mapa do site"},"content":{"rendered":"<div data-elementor-type=\"wp-page\" data-elementor-id=\"1529\" class=\"elementor elementor-1529\" data-elementor-post-type=\"page\">\n\t\t\t\t<div class=\"elementor-element elementor-element-7d2c02db e-flex e-con-boxed e-con e-parent\" data-id=\"7d2c02db\" data-element_type=\"container\" data-e-type=\"container\">\n\t\t\t\t\t<div class=\"e-con-inner\">\n\t\t\t\t<div class=\"elementor-element elementor-element-4556a474 elementor-widget elementor-widget-text-editor\" data-id=\"4556a474\" data-element_type=\"widget\" data-e-type=\"widget\" data-widget_type=\"text-editor.default\">\n\t\t\t\t\t\t\t\t\t<div class=\"rank-math-html-sitemap\">\n<div class=\"rank-math-html-sitemap__section rank-math-html-sitemap__section--post-type rank-math-html-sitemap__section--post\">\n<h2 class=\"rank-math-html-sitemap__title\">Postagens<\/h2>\n<ul class=\"rank-math-html-sitemap__list\">\n<li class=\"rank-math-html-sitemap__item\"><a href=\"https:\/\/xienauto.com\/pt\/news\/test-led-headlight-beam-patterns-expert-guide\/\" class=\"rank-math-html-sitemap__link\">How to Test LED Headlight Beam Patterns: Expert Guide &amp; Tips<\/a> <span class=\"rank-math-html-sitemap__date\">(mar\u00e7o 17, 2026)<\/span><\/li>\n<li class=\"rank-math-html-sitemap__item\"><a href=\"https:\/\/xienauto.com\/pt\/news\/automotive-lighting-oem-odm-services\/\" class=\"rank-math-html-sitemap__link\">Automotive Lighting OEM\/ODM Services | Custom Design<\/a> <span class=\"rank-math-html-sitemap__date\">(mar\u00e7o 16, 2026)<\/span><\/li>\n<li class=\"rank-math-html-sitemap__item\"><a href=\"https:\/\/xienauto.com\/pt\/news\/wholesale-h7-led-bulbs-market-analysis\/\" class=\"rank-math-html-sitemap__link\">Wholesale H7 LED Bulbs: Market Trends for 2026<\/a> <span class=\"rank-math-html-sitemap__date\">(mar\u00e7o 8, 2026)<\/span><\/li>\n<li class=\"rank-math-html-sitemap__item\"><a href=\"https:\/\/xienauto.com\/pt\/news\/quality-control-led-bulbs-process\/\" class=\"rank-math-html-sitemap__link\">Quality Control LED Bulbs: How We Keep Defects &lt;1%<\/a> <span class=\"rank-math-html-sitemap__date\">(mar\u00e7o 2, 2026)<\/span><\/li>\n<li class=\"rank-math-html-sitemap__item\"><a href=\"https:\/\/xienauto.com\/pt\/news\/led-headlight-supplier-guide\/\" class=\"rank-math-html-sitemap__link\">Como avaliar um fornecedor de far\u00f3is de LED<\/a> <span class=\"rank-math-html-sitemap__date\">(mar\u00e7o 1, 2026)<\/span><\/li>\n<li class=\"rank-math-html-sitemap__item\"><a href=\"https:\/\/xienauto.com\/pt\/news\/led-headlight-manufacturers-guide\/\" class=\"rank-math-html-sitemap__link\">Guia definitivo de sele\u00e7\u00e3o de fabricantes de far\u00f3is de LED<\/a> <span class=\"rank-math-html-sitemap__date\">(fevereiro 12, 2026)<\/span><\/li>\n<li class=\"rank-math-html-sitemap__item\"><a href=\"https:\/\/xienauto.com\/pt\/news\/led-headlights-aftermarket-growth\/\" class=\"rank-math-html-sitemap__link\">Tend\u00eancias do setor de p\u00f3s-venda de far\u00f3is de LED<\/a> <span class=\"rank-math-html-sitemap__date\">(fevereiro 11, 2026)<\/span><\/li>\n<li class=\"rank-math-html-sitemap__item\"><a href=\"https:\/\/xienauto.com\/pt\/news\/high-lumen-led-headlights-guide\/\" class=\"rank-math-html-sitemap__link\">Far\u00f3is de LED de alto l\u00famen e seguran\u00e7a nas estradas<\/a> <span class=\"rank-math-html-sitemap__date\">(fevereiro 11, 2026)<\/span><\/li>\n<li class=\"rank-math-html-sitemap__item\"><a href=\"https:\/\/xienauto.com\/pt\/news\/wholesale-led-headlight-pricing-analysis\/\" class=\"rank-math-html-sitemap__link\">Expert View Wholesale LED Headlight Pricing for Bulk Orders<\/a> <span class=\"rank-math-html-sitemap__date\">(fevereiro 7, 2026)<\/span><\/li>\n<li class=\"rank-math-html-sitemap__item\"><a href=\"https:\/\/xienauto.com\/pt\/news\/plug-and-play-led-headlight-kits\/\" class=\"rank-math-html-sitemap__link\">Plug-and-Play LED Headlights for Aftermarket Use<\/a> <span class=\"rank-math-html-sitemap__date\">(fevereiro 4, 2026)<\/span><\/li>\n<li class=\"rank-math-html-sitemap__item\"><a href=\"https:\/\/xienauto.com\/pt\/news\/matrix-led-headlights-system\/\" class=\"rank-math-html-sitemap__link\">Adaptive Matrix LED Headlights in Modern Vehicles<\/a> <span class=\"rank-math-html-sitemap__date\">(fevereiro 4, 2026)<\/span><\/li>\n<li class=\"rank-math-html-sitemap__item\"><a href=\"https:\/\/xienauto.com\/pt\/news\/custom-automotive-lighting-supplier\/\" class=\"rank-math-html-sitemap__link\">O melhor fornecedor de ilumina\u00e7\u00e3o automotiva personalizada para OEM e ODM<\/a> <span class=\"rank-math-html-sitemap__date\">(janeiro 29, 2026)<\/span><\/li>\n<li class=\"rank-math-html-sitemap__item\"><a href=\"https:\/\/xienauto.com\/pt\/news\/private-label-headlight-supplier\/\" class=\"rank-math-html-sitemap__link\">Fornecedor especializado de far\u00f3is de marca pr\u00f3pria e fabrica\u00e7\u00e3o ODM<\/a> <span class=\"rank-math-html-sitemap__date\">(janeiro 28, 2026)<\/span><\/li>\n<li class=\"rank-math-html-sitemap__item\"><a href=\"https:\/\/xienauto.com\/pt\/news\/custom-headlight-manufacturer\/\" class=\"rank-math-html-sitemap__link\">Servi\u00e7os especializados de design e fabrica\u00e7\u00e3o de far\u00f3is personalizados<\/a> <span class=\"rank-math-html-sitemap__date\">(janeiro 28, 2026)<\/span><\/li>\n<li class=\"rank-math-html-sitemap__item\"><a href=\"https:\/\/xienauto.com\/pt\/news\/oem-headlight-solutions-design-to-production\/\" class=\"rank-math-html-sitemap__link\">Solu\u00e7\u00f5es para far\u00f3is OEM, do projeto \u00e0 produ\u00e7\u00e3o<\/a> <span class=\"rank-math-html-sitemap__date\">(janeiro 27, 2026)<\/span><\/li>\n<li class=\"rank-math-html-sitemap__item\"><a href=\"https:\/\/xienauto.com\/pt\/news\/led-headlight-manufacturer-selection\/\" class=\"rank-math-html-sitemap__link\">Por que os distribuidores escolhem um fabricante confi\u00e1vel de far\u00f3is de LED<\/a> <span class=\"rank-math-html-sitemap__date\">(janeiro 27, 2026)<\/span><\/li>\n<li class=\"rank-math-html-sitemap__item\"><a href=\"https:\/\/xienauto.com\/pt\/news\/led-headlight-lumen-claims\/\" class=\"rank-math-html-sitemap__link\">Declara\u00e7\u00f5es de l\u00famen de farol de LED: Excelente guia de auditoria em massa<\/a> <span class=\"rank-math-html-sitemap__date\">(janeiro 12, 2026)<\/span><\/li>\n<li class=\"rank-math-html-sitemap__item\"><a href=\"https:\/\/xienauto.com\/pt\/news\/led-headlight-bulbs-wholesale-guide\/\" class=\"rank-math-html-sitemap__link\">Complete LED Headlight Bulbs Wholesale Guide | Xienauto<\/a> <span class=\"rank-math-html-sitemap__date\">(janeiro 4, 2026)<\/span><\/li>\n<li class=\"rank-math-html-sitemap__item\"><a href=\"https:\/\/xienauto.com\/pt\/news\/led-headlight-bulbs-latin-america-wholesalers\/\" class=\"rank-math-html-sitemap__link\">L\u00e2mpadas de farol de LED para a Am\u00e9rica Latina: Guia do Atacadista<\/a> <span class=\"rank-math-html-sitemap__date\">(18 de dezembro de 2025)<\/span><\/li>\n<li class=\"rank-math-html-sitemap__item\"><a href=\"https:\/\/xienauto.com\/pt\/news\/choose-reliable-led-car-light-manufacturer-china\/\" class=\"rank-math-html-sitemap__link\">Escolha um fabricante confi\u00e1vel de luzes LED para autom\u00f3veis na China<\/a> <span class=\"rank-math-html-sitemap__date\">(13 de dezembro de 2025)<\/span><\/li>\n<li class=\"rank-math-html-sitemap__item\"><a href=\"https:\/\/xienauto.com\/pt\/news\/mexico-wholesale-led-car-lights-price-guide\/\" class=\"rank-math-html-sitemap__link\">Luzes de LED para carros no atacado do M\u00e9xico: Guia de pre\u00e7os de f\u00e1brica<\/a> <span class=\"rank-math-html-sitemap__date\">(10 de dezembro de 2025)<\/span><\/li>\n<li class=\"rank-math-html-sitemap__item\"><a href=\"https:\/\/xienauto.com\/pt\/news\/led-headlight-wholesale-guide\/\" class=\"rank-math-html-sitemap__link\">Guia completo sobre far\u00f3is de LED no atacado - Xienauto<\/a> <span class=\"rank-math-html-sitemap__date\">(27 de novembro de 2025)<\/span><\/li>\n<li class=\"rank-math-html-sitemap__item\"><a href=\"https:\/\/xienauto.com\/pt\/news\/private-label-led-headlight-bulbs-brand\/\" class=\"rank-math-html-sitemap__link\">Cria\u00e7\u00e3o de uma marca pr\u00f3pria lucrativa para l\u00e2mpadas de farol de LED<\/a> <span class=\"rank-math-html-sitemap__date\">(26 de novembro de 2025)<\/span><\/li>\n<li class=\"rank-math-html-sitemap__item\"><a href=\"https:\/\/xienauto.com\/pt\/news\/h4-led-headlight-bulbs-guide\/\" class=\"rank-math-html-sitemap__link\">L\u00e2mpadas LED para far\u00f3is H4: o guia definitivo<\/a> <span class=\"rank-math-html-sitemap__date\">(12 de novembro de 2025)<\/span><\/li>\n<li class=\"rank-math-html-sitemap__item\"><a href=\"https:\/\/xienauto.com\/pt\/news\/plug-and-play-led-headlights-a-reseller-guide\/\" class=\"rank-math-html-sitemap__link\">Far\u00f3is de LED Plug-and-Play: Um guia definitivo para revendedores<\/a> <span class=\"rank-math-html-sitemap__date\">(11 de novembro de 2025)<\/span><\/li>\n<li class=\"rank-math-html-sitemap__item\"><a href=\"https:\/\/xienauto.com\/pt\/news\/buy-h1-led-headlights-bulbs\/\" class=\"rank-math-html-sitemap__link\">Compre l\u00e2mpadas de far\u00f3is de LED H1 a granel para distribuidores de autom\u00f3veis<\/a> <span class=\"rank-math-html-sitemap__date\">(10 de novembro de 2025)<\/span><\/li>\n<li class=\"rank-math-html-sitemap__item\"><a href=\"https:\/\/xienauto.com\/pt\/news\/guide-best-selling-led-headlights\/\" class=\"rank-math-html-sitemap__link\">Um guia b\u00e1sico para os far\u00f3is de LED mais vendidos<\/a> <span class=\"rank-math-html-sitemap__date\">(6 de novembro de 2025)<\/span><\/li>\n<li class=\"rank-math-html-sitemap__item\"><a href=\"https:\/\/xienauto.com\/pt\/news\/best-led-headlight-bulbs-off-road-vehicles\/\" class=\"rank-math-html-sitemap__link\">As melhores l\u00e2mpadas de farol de LED para ve\u00edculos off-road<\/a> <span class=\"rank-math-html-sitemap__date\">(3 de novembro de 2025)<\/span><\/li>\n<li class=\"rank-math-html-sitemap__item\"><a href=\"https:\/\/xienauto.com\/pt\/news\/leds-headlights-color-temperature-beam-pattern\/\" class=\"rank-math-html-sitemap__link\">Far\u00f3is LED Ultimate: Guia de temperatura de cor e padr\u00e3o de feixe<\/a> <span class=\"rank-math-html-sitemap__date\">(29 de outubro de 2025)<\/span><\/li>\n<li class=\"rank-math-html-sitemap__item\"><a href=\"https:\/\/xienauto.com\/pt\/news\/led-headlight-conversion-kit-reseller-guide\/\" class=\"rank-math-html-sitemap__link\">Principais marcas de kits de convers\u00e3o de far\u00f3is de LED para revendedores<\/a> <span class=\"rank-math-html-sitemap__date\">(21 de outubro de 2025)<\/span><\/li>\n<li class=\"rank-math-html-sitemap__item\"><a href=\"https:\/\/xienauto.com\/pt\/news\/solucao-de-problemas-de-reparo-de-lampadas-de-farol-de-led-h11\/\" class=\"rank-math-html-sitemap__link\">Reparo e solu\u00e7\u00e3o de problemas da l\u00e2mpada de farol LED H11<\/a> <span class=\"rank-math-html-sitemap__date\">(20 de outubro de 2025)<\/span><\/li>\n<li class=\"rank-math-html-sitemap__item\"><a href=\"https:\/\/xienauto.com\/pt\/news\/how-to-choose-led-headlights-supplier\/\" class=\"rank-math-html-sitemap__link\">Fornecedor de far\u00f3is de LED Como escolher o melhor<\/a> <span class=\"rank-math-html-sitemap__date\">(17 de outubro de 2025)<\/span><\/li>\n<li class=\"rank-math-html-sitemap__item\"><a href=\"https:\/\/xienauto.com\/pt\/news\/led-headlamp-car-bulbs-demand-auto-market\/\" class=\"rank-math-html-sitemap__link\">L\u00e2mpadas de farol de LED para carros: Crescimento e tend\u00eancias do mercado de reposi\u00e7\u00e3o<\/a> <span class=\"rank-math-html-sitemap__date\">(16 de outubro de 2025)<\/span><\/li>\n<li class=\"rank-math-html-sitemap__item\"><a href=\"https:\/\/xienauto.com\/pt\/news\/praticas-recomendadas-para-lampadas-de-farol-de-carro-imp-exp\/\" class=\"rank-math-html-sitemap__link\">Melhores pr\u00e1ticas para importa\u00e7\u00e3o e exporta\u00e7\u00e3o de l\u00e2mpadas para far\u00f3is de autom\u00f3veis<\/a> <span class=\"rank-math-html-sitemap__date\">(13 de outubro de 2025)<\/span><\/li>\n<li class=\"rank-math-html-sitemap__item\"><a href=\"https:\/\/xienauto.com\/pt\/news\/otimizar-a-aquisicao-de-farois-de-led-no-atacado\/\" class=\"rank-math-html-sitemap__link\">Estrat\u00e9gia de atacado da Optm para far\u00f3is de LED e obten\u00e7\u00e3o de participa\u00e7\u00e3o no mercado<\/a> <span class=\"rank-math-html-sitemap__date\">(11 de outubro de 2025)<\/span><\/li>\n<li class=\"rank-math-html-sitemap__item\"><a href=\"https:\/\/xienauto.com\/pt\/news\/como-escolher-o-fornecedor-de-lampadas-de-farol-de-led\/\" class=\"rank-math-html-sitemap__link\">Como escolher o fornecedor certo de l\u00e2mpadas LED para far\u00f3is<\/a> <span class=\"rank-math-html-sitemap__date\">(10 de outubro de 2025)<\/span><\/li>\n<li class=\"rank-math-html-sitemap__item\"><a href=\"https:\/\/xienauto.com\/pt\/news\/ciclo-de-substituicao-do-reparo-da-luz-do-carro\/\" class=\"rank-math-html-sitemap__link\">Guia especializado para o ciclo de reparo e substitui\u00e7\u00e3o de l\u00e2mpadas automotivas<\/a> <span class=\"rank-math-html-sitemap__date\">(9 de outubro de 2025)<\/span><\/li>\n<li class=\"rank-math-html-sitemap__item\"><a href=\"https:\/\/xienauto.com\/pt\/news\/led-automotive-headlight-laws-colombia\/\" class=\"rank-math-html-sitemap__link\">Leis sobre far\u00f3is automotivos de LED da Col\u00f4mbia: O que voc\u00ea deve saber<\/a> <span class=\"rank-math-html-sitemap__date\">(29 de setembro de 2025)<\/span><\/li>\n<li class=\"rank-math-html-sitemap__item\"><a href=\"https:\/\/xienauto.com\/pt\/news\/guia-completo-de-comparacao-de-farois-de-led-vs-halogenos-vs-projetores\/\" class=\"rank-math-html-sitemap__link\">Far\u00f3is de LED vs Hal\u00f3geno vs Projetor: Guia 2025<\/a> <span class=\"rank-math-html-sitemap__date\">(27 de setembro de 2025)<\/span><\/li>\n<li class=\"rank-math-html-sitemap__item\"><a href=\"https:\/\/xienauto.com\/pt\/news\/boost-led-headlight-competitiveness-brand\/\" class=\"rank-math-html-sitemap__link\">Aumente a competitividade dos far\u00f3is de LED por meio da diferencia\u00e7\u00e3o da marca<\/a> <span class=\"rank-math-html-sitemap__date\">(27 de setembro de 2025)<\/span><\/li>\n<li class=\"rank-math-html-sitemap__item\"><a href=\"https:\/\/xienauto.com\/pt\/news\/how-to-test-led-headlight-quality\/\" class=\"rank-math-html-sitemap__link\">Como testar a qualidade dos far\u00f3is de LED: Guia do profissional<\/a> <span class=\"rank-math-html-sitemap__date\">(26 de setembro de 2025)<\/span><\/li>\n<li class=\"rank-math-html-sitemap__item\"><a href=\"https:\/\/xienauto.com\/pt\/news\/tamanho-do-mercado-global-de-farois-de-led\/\" class=\"rank-math-html-sitemap__link\">Tamanho e previs\u00e3o do mercado global de far\u00f3is de LED para 2025-2030<\/a> <span class=\"rank-math-html-sitemap__date\">(25 de setembro de 2025)<\/span><\/li>\n<\/ul>\n<\/div>\n<div class=\"rank-math-html-sitemap__section rank-math-html-sitemap__section--post-type rank-math-html-sitemap__section--page\">\n<h2 class=\"rank-math-html-sitemap__title\">P\u00e1ginas<\/h2>\n<ul class=\"rank-math-html-sitemap__list\">\n<li class=\"rank-math-html-sitemap__item\"><a href=\"https:\/\/xienauto.com\/pt\/sitemap\/\" class=\"rank-math-html-sitemap__link\">A Xienauto atende a todas as suas necessidades em rela\u00e7\u00e3o a far\u00f3is LED<\/a> <span class=\"rank-math-html-sitemap__date\">(15 de outubro de 2025)<\/span><\/li>\n<li class=\"rank-math-html-sitemap__item\"><a href=\"https:\/\/xienauto.com\/pt\/privacy-policy\/\" class=\"rank-math-html-sitemap__link\">Privacy Policy | Expert LED Car Light &amp; Electronics Supplier<\/a> <span class=\"rank-math-html-sitemap__date\">(10 de outubro de 2025)<\/span><\/li>\n<li class=\"rank-math-html-sitemap__item\"><a href=\"https:\/\/xienauto.com\/pt\/terms-conditions\/\" class=\"rank-math-html-sitemap__link\">Termos e condi\u00e7\u00f5es | Fornecedor de luzes LED e eletr\u00f4nicos para autom\u00f3veis<\/a> <span class=\"rank-math-html-sitemap__date\">(10 de outubro de 2025)<\/span><\/li>\n<li class=\"rank-math-html-sitemap__item\"><a href=\"https:\/\/xienauto.com\/pt\/request-quote\/\" class=\"rank-math-html-sitemap__link\">Request a Quote &#8211; Car LED Lights Manufacturer, Energy,Efficient, Xienauto,car led headlight manufacturer<\/a> <span class=\"rank-math-html-sitemap__date\">(26 de setembro de 2025)<\/span><\/li>\n<li class=\"rank-math-html-sitemap__item\"><a href=\"https:\/\/xienauto.com\/pt\/news\/\" class=\"rank-math-html-sitemap__link\">Not\u00edcias sobre far\u00f3is LED, tend\u00eancias e inova\u00e7\u00f5es do setor<\/a> <span class=\"rank-math-html-sitemap__date\">(25 de setembro de 2025)<\/span><\/li>\n<li class=\"rank-math-html-sitemap__item\"><a href=\"https:\/\/xienauto.com\/pt\/entre-em-contato-conosco\/\" class=\"rank-math-html-sitemap__link\">Contact Us | Expert LED Car Light &amp; Electronics Supplier<\/a> <span class=\"rank-math-html-sitemap__date\">(25 de setembro de 2025)<\/span><\/li>\n<li class=\"rank-math-html-sitemap__item\"><a href=\"https:\/\/xienauto.com\/pt\/perguntas-frequentes\/\" class=\"rank-math-html-sitemap__link\">FAQ &#8211; Car LED Lights Manufacturer, Energy,Efficient, Xienauto,car led headlight manufacturer<\/a> <span class=\"rank-math-html-sitemap__date\">(25 de setembro de 2025)<\/span><\/li>\n<li class=\"rank-math-html-sitemap__item\"><a href=\"https:\/\/xienauto.com\/pt\/products\/\" class=\"rank-math-html-sitemap__link\">Luzes de LED para carros | Far\u00f3is de projetor | Fornecedor especializado<\/a> <span class=\"rank-math-html-sitemap__date\">(25 de setembro de 2025)<\/span><\/li>\n<li class=\"rank-math-html-sitemap__item\"><a href=\"https:\/\/xienauto.com\/pt\/sobre-nos\/\" class=\"rank-math-html-sitemap__link\">Fabricante profissional de l\u00e2mpadas LED para carros - Xienauto<\/a> <span class=\"rank-math-html-sitemap__date\">(25 de setembro de 2025)<\/span><\/li>\n<li class=\"rank-math-html-sitemap__item\"><a href=\"https:\/\/xienauto.com\/pt\/\" class=\"rank-math-html-sitemap__link\">Farol de LED para carro no atacado | Fornecedor direto Xienauto<\/a> <span class=\"rank-math-html-sitemap__date\">(25 de setembro de 2025)<\/span><\/li>\n<\/ul>\n<\/div>\n<div class=\"rank-math-html-sitemap__section rank-math-html-sitemap__section--post-type rank-math-html-sitemap__section--product\">\n<h2 class=\"rank-math-html-sitemap__title\">Produtos<\/h2>\n<ul class=\"rank-math-html-sitemap__list\">\n<li class=\"rank-math-html-sitemap__item\"><a href=\"https:\/\/xienauto.com\/pt\/product\/xe-xt20-led-headlight\/\" class=\"rank-math-html-sitemap__link\">Farol de LED XE-XT20 para OEM e fornecimento por atacado<\/a> <span class=\"rank-math-html-sitemap__date\">(janeiro 27, 2026)<\/span><\/li>\n<li class=\"rank-math-html-sitemap__item\"><a href=\"https:\/\/xienauto.com\/pt\/product\/car-vacuum-cleaner-wholesale\/\" class=\"rank-math-html-sitemap__link\">Aspirador de p\u00f3 para carro Xienauto Atacado OEM ODM<\/a> <span class=\"rank-math-html-sitemap__date\">(16 de outubro de 2025)<\/span><\/li>\n<li class=\"rank-math-html-sitemap__item\"><a href=\"https:\/\/xienauto.com\/pt\/product\/lampada-de-farol-de-led-h7\/\" class=\"rank-math-html-sitemap__link\">L\u00e2mpada LED H7 para farol: alta luminosidade para venda por atacado<\/a> <span class=\"rank-math-html-sitemap__date\">(10 de outubro de 2025)<\/span><\/li>\n<li class=\"rank-math-html-sitemap__item\"><a href=\"https:\/\/xienauto.com\/pt\/product\/lampadas-de-farol-de-led-premium\/\" class=\"rank-math-html-sitemap__link\">L\u00e2mpadas de farol de LED premium de \u00faltima gera\u00e7\u00e3o Xienauto XE-R13<\/a> <span class=\"rank-math-html-sitemap__date\">(10 de outubro de 2025)<\/span><\/li>\n<li class=\"rank-math-html-sitemap__item\"><a href=\"https:\/\/xienauto.com\/pt\/product\/lampadas-automotivas-de-led-50k-hrs\/\" class=\"rank-math-html-sitemap__link\">L\u00e2mpadas automotivas de LED de alto brilho para atacadistas<\/a> <span class=\"rank-math-html-sitemap__date\">(9 de outubro de 2025)<\/span><\/li>\n<li class=\"rank-math-html-sitemap__item\"><a href=\"https:\/\/xienauto.com\/pt\/product\/farois-de-led-h4-para-whosalers\/\" class=\"rank-math-html-sitemap__link\">Far\u00f3is LED H4 por atacado 12.000LM com certifica\u00e7\u00e3o DOT<\/a> <span class=\"rank-math-html-sitemap__date\">(9 de outubro de 2025)<\/span><\/li>\n<li class=\"rank-math-html-sitemap__item\"><a href=\"https:\/\/xienauto.com\/pt\/product\/lampada-de-farol-de-led-h11\/\" class=\"rank-math-html-sitemap__link\">L\u00e2mpada LED para farol H11: Kits para revenda B2B com vida \u00fatil de 50 mil horas<\/a> <span class=\"rank-math-html-sitemap__date\">(30 de setembro de 2025)<\/span><\/li>\n<li class=\"rank-math-html-sitemap__item\"><a href=\"https:\/\/xienauto.com\/pt\/product\/lampadas-de-farois-de-led-no-atacado\/\" class=\"rank-math-html-sitemap__link\">L\u00e2mpadas para far\u00f3is de LED - Pre\u00e7o em massa com certifica\u00e7\u00e3o OEM<\/a> <span class=\"rank-math-html-sitemap__date\">(30 de setembro de 2025)<\/span><\/li>\n<li class=\"rank-math-html-sitemap__item\"><a href=\"https:\/\/xienauto.com\/pt\/product\/lente-de-projetor-de-led\/\" class=\"rank-math-html-sitemap__link\">Lente de projetor de LED | N\u00facleo de farol HD automotivo<\/a> <span class=\"rank-math-html-sitemap__date\">(28 de setembro de 2025)<\/span><\/li>\n<li class=\"rank-math-html-sitemap__item\"><a href=\"https:\/\/xienauto.com\/pt\/product\/automotive-led-headlights\/\" class=\"rank-math-html-sitemap__link\">Far\u00f3is LED automotivos Xienauto Plug&amp;Play para caminh\u00f5es\/SUVs<\/a> <span class=\"rank-math-html-sitemap__date\">(26 de setembro de 2025)<\/span><\/li>\n<\/ul>\n<\/div>\n<div class=\"rank-math-html-sitemap__section rank-math-html-sitemap__section--taxonomy rank-math-html-sitemap__section--category\">\n<h2 class=\"rank-math-html-sitemap__title\">Categorias<\/h2>\n<ul class=\"rank-math-html-sitemap__list\">\n<li class=\"rank-math-html-sitemap__item\"><a href=\"https:\/\/xienauto.com\/pt\/categoria\/news\/\" class=\"rank-math-html-sitemap__link\">News &#8211; Car LED Lights Manufacturer, Energy,Efficient, Xienauto,car led headlight manufacturer<\/a>\n<ul class=\"rank-math-html-sitemap__list\">\n<li class=\"rank-math-html-sitemap__item\"><a href=\"https:\/\/xienauto.com\/pt\/categoria\/news\/car-electrical-appliances\/\" class=\"rank-math-html-sitemap__link\">Car Electrical Appliances &#8211; Car LED Lights Manufacturer, Energy,Efficient, Xienauto,car led headlight manufacturer<\/a><\/li>\n<li class=\"rank-math-html-sitemap__item\"><a href=\"https:\/\/xienauto.com\/pt\/categoria\/news\/farois-de-led\/\" class=\"rank-math-html-sitemap__link\">LED Headlights &#8211; Car LED Lights Manufacturer, Energy,Efficient, Xienauto,car led headlight manufacturer<\/a><\/li>\n<\/ul>\n<\/li>\n<\/ul>\n<\/div>\n<\/div>\n\t\t\t\t\t\t\t\t<\/div>\n\t\t\t\t\t<\/div>\n\t\t\t\t<\/div>\n\t\t\t\t<\/div>","protected":false},"excerpt":{"rendered":"","protected":false},"author":1,"featured_media":0,"parent":0,"menu_order":0,"comment_status":"closed","ping_status":"closed","template":"","meta":{"_kad_post_transparent":"","_kad_post_title":"","_kad_post_layout":"","_kad_post_sidebar_id":"","_kad_post_content_style":"","_kad_post_vertical_padding":"","_kad_post_feature":"","_kad_post_feature_position":"","_kad_post_header":false,"_kad_post_footer":false,"_kad_post_classname":"","footnotes":""},"class_list":["post-1529","page","type-page","status-publish","hentry"],"_links":{"self":[{"href":"https:\/\/xienauto.com\/pt\/wp-json\/wp\/v2\/pages\/1529","targetHints":{"allow":["GET"]}}],"collection":[{"href":"https:\/\/xienauto.com\/pt\/wp-json\/wp\/v2\/pages"}],"about":[{"href":"https:\/\/xienauto.com\/pt\/wp-json\/wp\/v2\/types\/page"}],"author":[{"embeddable":true,"href":"https:\/\/xienauto.com\/pt\/wp-json\/wp\/v2\/users\/1"}],"replies":[{"embeddable":true,"href":"https:\/\/xienauto.com\/pt\/wp-json\/wp\/v2\/comments?post=1529"}],"version-history":[{"count":13,"href":"https:\/\/xienauto.com\/pt\/wp-json\/wp\/v2\/pages\/1529\/revisions"}],"predecessor-version":[{"id":1544,"href":"https:\/\/xienauto.com\/pt\/wp-json\/wp\/v2\/pages\/1529\/revisions\/1544"}],"wp:attachment":[{"href":"https:\/\/xienauto.com\/pt\/wp-json\/wp\/v2\/media?parent=1529"}],"curies":[{"name":"wp","href":"https:\/\/api.w.org\/{rel}","templated":true}]}}