{"id":18,"date":"2025-09-25T01:25:46","date_gmt":"2025-09-25T01:25:46","guid":{"rendered":"https:\/\/cornflowerblue-pigeon-852130.hostingersite.com\/?page_id=18"},"modified":"2025-10-11T06:37:58","modified_gmt":"2025-10-11T06:37:58","slug":"a-propos-de-nous","status":"publish","type":"page","link":"https:\/\/xienauto.com\/fr\/about-us\/","title":{"rendered":"A propos de nous"},"content":{"rendered":"<div data-elementor-type=\"wp-post\" data-elementor-id=\"18\" class=\"elementor elementor-18\" data-elementor-post-type=\"page\">\n\t\t\t\t<div class=\"elementor-element elementor-element-498bfeb e-con-full e-flex e-con e-parent\" data-id=\"498bfeb\" data-element_type=\"container\" data-e-type=\"container\" data-settings=\"{&quot;background_background&quot;:&quot;classic&quot;}\">\n\t\t\t\t<div class=\"elementor-element elementor-element-9462ccd elementor-widget elementor-widget-heading\" data-id=\"9462ccd\" data-element_type=\"widget\" data-e-type=\"widget\" data-widget_type=\"heading.default\">\n\t\t\t\t\t<h2 class=\"elementor-heading-title elementor-size-default\">L'histoire de Xienauto commence ici<\/h2>\t\t\t\t<\/div>\n\t\t\t\t<\/div>\n\t\t<div class=\"elementor-element elementor-element-d120a94 e-con-full e-flex e-con e-parent\" data-id=\"d120a94\" data-element_type=\"container\" data-e-type=\"container\">\n\t\t<div class=\"elementor-element elementor-element-0423cbe e-con-full e-flex e-con e-child\" data-id=\"0423cbe\" data-element_type=\"container\" data-e-type=\"container\">\n\t\t\t\t<div class=\"elementor-element elementor-element-9185a67 elementor-widget elementor-widget-image\" data-id=\"9185a67\" data-element_type=\"widget\" data-e-type=\"widget\" data-widget_type=\"image.default\">\n\t\t\t\t\t\t\t\t\t\t\t\t\t\t\t<img fetchpriority=\"high\" decoding=\"async\" width=\"1024\" height=\"576\" src=\"https:\/\/xienauto.com\/wp-content\/uploads\/2025\/09\/\u672a\u547d\u540d\u9879\u76ee-\u56fe\u5c42-1-9-1024x576.jpeg\" class=\"attachment-large size-large wp-image-205\" alt=\"\" srcset=\"\" sizes=\"(max-width: 1024px) 100vw, 1024px\" data-srcset=\"\" \/>\t\t\t\t\t\t\t\t\t\t\t\t\t\t\t<\/div>\n\t\t\t\t<\/div>\n\t\t<div class=\"elementor-element elementor-element-ef9c887 e-con-full e-flex e-con e-child\" data-id=\"ef9c887\" data-element_type=\"container\" data-e-type=\"container\">\n\t\t\t\t<div class=\"elementor-element elementor-element-4e7119d elementor-widget elementor-widget-heading\" data-id=\"4e7119d\" data-element_type=\"widget\" data-e-type=\"widget\" data-widget_type=\"heading.default\">\n\t\t\t\t\t<h2 class=\"elementor-heading-title elementor-size-default\">Xienauto - Votre expert de confiance en mati\u00e8re de solutions d'\u00e9clairage automobile<\/h2>\t\t\t\t<\/div>\n\t\t\t\t<div class=\"elementor-element elementor-element-1e8aa7c elementor-widget elementor-widget-text-editor\" data-id=\"1e8aa7c\" data-element_type=\"widget\" data-e-type=\"widget\" data-widget_type=\"text-editor.default\">\n\t\t\t\t\t\t\t\t\t<p>Bienvenue chez Xienauto, une entreprise \u00e0 la pointe de la technologie. <b>Fabricant de feux de voiture \u00e0 diodes \u00e9lectroluminescentes (LED)<\/b> et fournisseur de solutions dans l'industrie mondiale de l'\u00e9clairage automobile. Depuis notre cr\u00e9ation, nous nous consacrons \u00e0 la conception, au d\u00e9veloppement et \u00e0 la fabrication de produits d'\u00e9clairage automobile fiables et performants. <b>Feux de voiture \u00e0 diodes \u00e9lectroluminescentes<\/b> pour une client\u00e8le mondiale. Nous sommes plus qu'un simple fournisseur, nous sommes votre partenaire strat\u00e9gique pour r\u00e9ussir sur le march\u00e9.<\/p><p>Forts de notre expertise en mati\u00e8re de conception optique, de gestion thermique et d'ing\u00e9nierie \u00e9lectronique, nous comprenons les exigences rigoureuses de nos clients en mati\u00e8re de performance, de durabilit\u00e9 et de s\u00e9curit\u00e9 de leurs produits. <b>Phares LED<\/b>. Nous combinons la pr\u00e9cision des ing\u00e9nieurs et la passion de l'innovation pour garantir que chaque <b>Lampe de voiture LED de haute qualit\u00e9<\/b> qui quittent notre usine respectent et d\u00e9passent les normes industrielles les plus strictes.<\/p>\t\t\t\t\t\t\t\t<\/div>\n\t\t\t\t<\/div>\n\t\t\t\t<\/div>\n\t\t<div class=\"elementor-element elementor-element-da67217 e-con-full e-flex e-con e-parent\" data-id=\"da67217\" data-element_type=\"container\" data-e-type=\"container\">\n\t\t<div class=\"elementor-element elementor-element-f2ba179 e-con-full e-flex e-con e-child\" data-id=\"f2ba179\" data-element_type=\"container\" data-e-type=\"container\">\n\t\t\t\t<div class=\"elementor-element elementor-element-a4f0aba elementor-widget elementor-widget-heading\" data-id=\"a4f0aba\" data-element_type=\"widget\" data-e-type=\"widget\" data-widget_type=\"heading.default\">\n\t\t\t\t\t<h2 class=\"elementor-heading-title elementor-size-default\"><span style=\", sans-serif;font-size: 45px;font-weight: 400;text-align: center\">20.000\u33a1<\/span><\/h2>\t\t\t\t<\/div>\n\t\t\t\t<div class=\"elementor-element elementor-element-2648c3d elementor-widget elementor-widget-text-editor\" data-id=\"2648c3d\" data-element_type=\"widget\" data-e-type=\"widget\" data-widget_type=\"text-editor.default\">\n\t\t\t\t\t\t\t\t\t<p><span style=\"color: #4b4f58; font-family: 'Noto Sans', sans-serif; font-size: 20px; text-align: center;\">USINE<\/span><\/p>\t\t\t\t\t\t\t\t<\/div>\n\t\t\t\t<\/div>\n\t\t<div class=\"elementor-element elementor-element-7b391aa e-con-full e-flex e-con e-child\" data-id=\"7b391aa\" data-element_type=\"container\" data-e-type=\"container\">\n\t\t\t\t<div class=\"elementor-element elementor-element-a31c052 elementor-widget elementor-widget-heading\" data-id=\"a31c052\" data-element_type=\"widget\" data-e-type=\"widget\" data-widget_type=\"heading.default\">\n\t\t\t\t\t<h2 class=\"elementor-heading-title elementor-size-default\"><span style=\", sans-serif;font-size: 45px;font-weight: 400;text-align: center\">300+<\/span><\/h2>\t\t\t\t<\/div>\n\t\t\t\t<div class=\"elementor-element elementor-element-2a44a3a elementor-widget elementor-widget-text-editor\" data-id=\"2a44a3a\" data-element_type=\"widget\" data-e-type=\"widget\" data-widget_type=\"text-editor.default\">\n\t\t\t\t\t\t\t\t\t<p><span style=\"color: #4b4f58; font-family: 'Noto Sans', sans-serif; font-size: 20px; text-align: center;\">PRODUITS BREVET\u00c9S<\/span><\/p>\t\t\t\t\t\t\t\t<\/div>\n\t\t\t\t<\/div>\n\t\t<div class=\"elementor-element elementor-element-b74ac47 e-con-full e-flex e-con e-child\" data-id=\"b74ac47\" data-element_type=\"container\" data-e-type=\"container\">\n\t\t\t\t<div class=\"elementor-element elementor-element-fe8c1c8 elementor-widget elementor-widget-heading\" data-id=\"fe8c1c8\" data-element_type=\"widget\" data-e-type=\"widget\" data-widget_type=\"heading.default\">\n\t\t\t\t\t<h2 class=\"elementor-heading-title elementor-size-default\"><span style=\", sans-serif;font-size: 45px;font-weight: 400;text-align: center\">50+<\/span><\/h2>\t\t\t\t<\/div>\n\t\t\t\t<div class=\"elementor-element elementor-element-61933ec elementor-widget elementor-widget-text-editor\" data-id=\"61933ec\" data-element_type=\"widget\" data-e-type=\"widget\" data-widget_type=\"text-editor.default\">\n\t\t\t\t\t\t\t\t\t<p><span style=\"color: #4b4f58; font-family: 'Noto Sans', sans-serif; font-size: 20px; text-align: center;\">PARTENAIRES MONDIAUX<\/span><\/p>\t\t\t\t\t\t\t\t<\/div>\n\t\t\t\t<\/div>\n\t\t\t\t<\/div>\n\t\t<div class=\"elementor-element elementor-element-2880558 e-flex e-con-boxed e-con e-parent\" data-id=\"2880558\" data-element_type=\"container\" data-e-type=\"container\">\n\t\t\t\t\t<div class=\"e-con-inner\">\n\t\t\t\t<div class=\"elementor-element elementor-element-0830f4d elementor-widget elementor-widget-spacer\" data-id=\"0830f4d\" data-element_type=\"widget\" data-e-type=\"widget\" data-widget_type=\"spacer.default\">\n\t\t\t\t\t\t\t<div class=\"elementor-spacer\">\n\t\t\t<div class=\"elementor-spacer-inner\"><\/div>\n\t\t<\/div>\n\t\t\t\t\t\t<\/div>\n\t\t\t\t\t<\/div>\n\t\t\t\t<\/div>\n\t\t<div class=\"elementor-element elementor-element-4650644 e-flex e-con-boxed e-con e-parent\" data-id=\"4650644\" data-element_type=\"container\" data-e-type=\"container\" data-settings=\"{&quot;background_background&quot;:&quot;classic&quot;}\">\n\t\t\t\t\t<div class=\"e-con-inner\">\n\t\t<div class=\"elementor-element elementor-element-8280ef9 e-con-full e-flex e-con e-child\" data-id=\"8280ef9\" data-element_type=\"container\" data-e-type=\"container\">\n\t\t\t\t<div class=\"elementor-element elementor-element-7a44a8a elementor-widget elementor-widget-heading\" data-id=\"7a44a8a\" data-element_type=\"widget\" data-e-type=\"widget\" data-widget_type=\"heading.default\">\n\t\t\t\t\t<h1 class=\"elementor-heading-title elementor-size-default\">XIENAUTO\n\nR\u00c9SEAU DE DISTRIBUTEURS<\/h1>\t\t\t\t<\/div>\n\t\t\t\t<div class=\"elementor-element elementor-element-9b5dda3 elementor-widget elementor-widget-text-editor\" data-id=\"9b5dda3\" data-element_type=\"widget\" data-e-type=\"widget\" data-widget_type=\"text-editor.default\">\n\t\t\t\t\t\t\t\t\t<p><span style=\"color: #000000; font-family: 'Noto Sans', sans-serif; font-size: 16px; background-color: rgba(246, 246, 246, 0.965);\">Xienauto a \u00e9tabli une solide pr\u00e9sence mondiale par le biais de son r\u00e9seau de distributeurs.\u00a0<span style=\"color: #0070c0;\"><span style=\"font-weight: bold;\">50 distributeurs<\/span><\/span><\/span><span style=\"color: #000000; font-family: 'Noto Sans', sans-serif; font-size: 16px; background-color: rgba(246, 246, 246, 0.965);\">\u00a0<\/span><span style=\"color: #000000; font-family: 'Noto Sans', sans-serif; font-size: 16px; background-color: rgba(246, 246, 246, 0.965);\">dans plus de 60 pays. Notre politique \"Une r\u00e9gion, un distributeur\" garantit la protection du march\u00e9 et une rentabilit\u00e9 saine pour nos partenaires, gr\u00e2ce \u00e0 des strat\u00e9gies de marketing localis\u00e9es et \u00e0 l'assistance technique de notre \u00e9quipe de professionnels.<\/span><\/p>\t\t\t\t\t\t\t\t<\/div>\n\t\t\t\t<div class=\"elementor-element elementor-element-c2443ee elementor-widget elementor-widget-button\" data-id=\"c2443ee\" data-element_type=\"widget\" data-e-type=\"widget\" data-widget_type=\"button.default\">\n\t\t\t\t\t\t\t\t\t\t<a class=\"elementor-button elementor-button-link elementor-size-sm\" href=\"https:\/\/xienauto.com\/contact-us\">\n\t\t\t\t\t\t<span class=\"elementor-button-content-wrapper\">\n\t\t\t\t\t\t\t\t\t<span class=\"elementor-button-text\">Devenez notre partenaire d\u00e8s aujourd'hui<\/span>\n\t\t\t\t\t<\/span>\n\t\t\t\t\t<\/a>\n\t\t\t\t\t\t\t\t<\/div>\n\t\t\t\t<\/div>\n\t\t<div class=\"elementor-element elementor-element-fe980a7 e-con-full e-flex e-con e-child\" data-id=\"fe980a7\" data-element_type=\"container\" data-e-type=\"container\">\n\t\t\t\t<div class=\"elementor-element elementor-element-6a2f93c elementor-widget elementor-widget-image\" data-id=\"6a2f93c\" data-element_type=\"widget\" data-e-type=\"widget\" data-widget_type=\"image.default\">\n\t\t\t\t\t\t\t\t\t\t\t\t\t\t\t<img decoding=\"async\" width=\"1024\" height=\"576\" src=\"https:\/\/xienauto.com\/wp-content\/uploads\/2025\/09\/\u672a\u547d\u540d\u9879\u76ee-\u56fe\u5c42-1-15-1024x576.jpeg\" class=\"attachment-large size-large wp-image-276\" alt=\"\" srcset=\"\" sizes=\"(max-width: 1024px) 100vw, 1024px\" data-srcset=\"\" \/>\t\t\t\t\t\t\t\t\t\t\t\t\t\t\t<\/div>\n\t\t\t\t<\/div>\n\t\t\t\t\t<\/div>\n\t\t\t\t<\/div>\n\t\t<div class=\"elementor-element elementor-element-7206e5e e-flex e-con-boxed e-con e-parent\" data-id=\"7206e5e\" data-element_type=\"container\" data-e-type=\"container\">\n\t\t\t\t\t<div class=\"e-con-inner\">\n\t\t<div class=\"elementor-element elementor-element-b5d288a e-con-full e-flex e-con e-child\" data-id=\"b5d288a\" data-element_type=\"container\" data-e-type=\"container\">\n\t\t\t\t<div class=\"elementor-element elementor-element-b0fdfb6 elementor-align-center elementor-widget elementor-widget-button\" data-id=\"b0fdfb6\" data-element_type=\"widget\" data-e-type=\"widget\" data-widget_type=\"button.default\">\n\t\t\t\t\t\t\t\t\t\t<a class=\"elementor-button elementor-button-link elementor-size-sm\" href=\"#\">\n\t\t\t\t\t\t<span class=\"elementor-button-content-wrapper\">\n\t\t\t\t\t\t<span class=\"elementor-button-icon\">\n\t\t\t\t<svg aria-hidden=\"true\" class=\"e-font-icon-svg e-far-arrow-alt-circle-right\" viewbox=\"0 0 512 512\" xmlns=\"http:\/\/www.w3.org\/2000\/svg\"><path d=\"M504 256C504 119 393 8 256 8S8 119 8 256s111 248 248 248 248-111 248-248zm-448 0c0-110.5 89.5-200 200-200s200 89.5 200 200-89.5 200-200 200S56 366.5 56 256zm72 20v-40c0-6.6 5.4-12 12-12h116v-67c0-10.7 12.9-16 20.5-8.5l99 99c4.7 4.7 4.7 12.3 0 17l-99 99c-7.6 7.6-20.5 2.2-20.5-8.5v-67H140c-6.6 0-12-5.4-12-12z\"><\/path><\/svg>\t\t\t<\/span>\n\t\t\t\t\t\t\t\t\t<span class=\"elementor-button-text\">L'usine<\/span>\n\t\t\t\t\t<\/span>\n\t\t\t\t\t<\/a>\n\t\t\t\t\t\t\t\t<\/div>\n\t\t\t\t<\/div>\n\t\t<div class=\"elementor-element elementor-element-c702900 e-con-full e-flex e-con e-child\" data-id=\"c702900\" data-element_type=\"container\" data-e-type=\"container\">\n\t\t\t\t<div class=\"elementor-element elementor-element-31bc71c elementor-align-center elementor-widget elementor-widget-button\" data-id=\"31bc71c\" data-element_type=\"widget\" data-e-type=\"widget\" data-widget_type=\"button.default\">\n\t\t\t\t\t\t\t\t\t\t<a class=\"elementor-button elementor-button-link elementor-size-sm\" href=\"#\">\n\t\t\t\t\t\t<span class=\"elementor-button-content-wrapper\">\n\t\t\t\t\t\t<span class=\"elementor-button-icon\">\n\t\t\t\t<svg aria-hidden=\"true\" class=\"e-font-icon-svg e-far-arrow-alt-circle-right\" viewbox=\"0 0 512 512\" xmlns=\"http:\/\/www.w3.org\/2000\/svg\"><path d=\"M504 256C504 119 393 8 256 8S8 119 8 256s111 248 248 248 248-111 248-248zm-448 0c0-110.5 89.5-200 200-200s200 89.5 200 200-89.5 200-200 200S56 366.5 56 256zm72 20v-40c0-6.6 5.4-12 12-12h116v-67c0-10.7 12.9-16 20.5-8.5l99 99c4.7 4.7 4.7 12.3 0 17l-99 99c-7.6 7.6-20.5 2.2-20.5-8.5v-67H140c-6.6 0-12-5.4-12-12z\"><\/path><\/svg>\t\t\t<\/span>\n\t\t\t\t\t\t\t\t\t<span class=\"elementor-button-text\">L'entreprise<\/span>\n\t\t\t\t\t<\/span>\n\t\t\t\t\t<\/a>\n\t\t\t\t\t\t\t\t<\/div>\n\t\t\t\t<\/div>\n\t\t\t\t\t<\/div>\n\t\t\t\t<\/div>\n\t\t<div class=\"elementor-element elementor-element-cc8d03a e-flex e-con-boxed e-con e-parent\" data-id=\"cc8d03a\" data-element_type=\"container\" data-e-type=\"container\">\n\t\t\t\t\t<div class=\"e-con-inner\">\n\t\t\t\t<div class=\"elementor-element elementor-element-5aa1d2f elementor-widget elementor-widget-spacer\" data-id=\"5aa1d2f\" data-element_type=\"widget\" data-e-type=\"widget\" data-widget_type=\"spacer.default\">\n\t\t\t\t\t\t\t<div class=\"elementor-spacer\">\n\t\t\t<div class=\"elementor-spacer-inner\"><\/div>\n\t\t<\/div>\n\t\t\t\t\t\t<\/div>\n\t\t\t\t\t<\/div>\n\t\t\t\t<\/div>\n\t\t<div class=\"elementor-element elementor-element-12175bd e-flex e-con-boxed e-con e-parent\" data-id=\"12175bd\" data-element_type=\"container\" data-e-type=\"container\">\n\t\t\t\t\t<div class=\"e-con-inner\">\n\t\t\t\t<div class=\"elementor-element elementor-element-fe530cc elementor-widget elementor-widget-heading\" data-id=\"fe530cc\" data-element_type=\"widget\" data-e-type=\"widget\" data-widget_type=\"heading.default\">\n\t\t\t\t\t<h2 class=\"elementor-heading-title elementor-size-default\">Le secret de la r\u00e9ussite de XIENAUTO<\/h2>\t\t\t\t<\/div>\n\t\t\t\t\t<\/div>\n\t\t\t\t<\/div>\n\t\t<div class=\"elementor-element elementor-element-ad232cb e-flex e-con-boxed e-con e-parent\" data-id=\"ad232cb\" data-element_type=\"container\" data-e-type=\"container\">\n\t\t\t\t\t<div class=\"e-con-inner\">\n\t\t<div class=\"elementor-element elementor-element-ae1853b e-con-full e-flex e-con e-child\" data-id=\"ae1853b\" data-element_type=\"container\" data-e-type=\"container\">\n\t\t\t\t<div class=\"elementor-element elementor-element-fb75441 elementor-widget elementor-widget-heading\" data-id=\"fb75441\" data-element_type=\"widget\" data-e-type=\"widget\" data-widget_type=\"heading.default\">\n\t\t\t\t\t<h2 class=\"elementor-heading-title elementor-size-default\">Une R&amp;D et une force technique solides<\/h2>\t\t\t\t<\/div>\n\t\t\t\t<div class=\"elementor-element elementor-element-8e35409 elementor-widget elementor-widget-text-editor\" data-id=\"8e35409\" data-element_type=\"widget\" data-e-type=\"widget\" data-widget_type=\"text-editor.default\">\n\t\t\t\t\t\t\t\t\t<p>Notre \u00e9quipe de R&amp;D, compos\u00e9e d'ing\u00e9nieurs optiques et \u00e9lectriques chevronn\u00e9s, se concentre sur l'avant-garde des technologies de l'information et de la communication. <b>LED de qualit\u00e9 automobile<\/b> technologie. Nous nous engageons \u00e0 concevoir des optiques de pr\u00e9cision, en veillant \u00e0 ce que chaque <b>Phare LED<\/b> Elle offre un faisceau lumineux parfait conforme aux normes internationales telles que DOT, SAE et E-Mark - la marque d'une v\u00e9ritable technologie de pointe. <b>Lampe de voiture LED de haute qualit\u00e9<\/b>.<\/p>\t\t\t\t\t\t\t\t<\/div>\n\t\t\t\t<\/div>\n\t\t<div class=\"elementor-element elementor-element-3f259c7 e-con-full e-flex e-con e-child\" data-id=\"3f259c7\" data-element_type=\"container\" data-e-type=\"container\">\n\t\t\t\t<div class=\"elementor-element elementor-element-b5c1741 elementor-widget elementor-widget-image\" data-id=\"b5c1741\" data-element_type=\"widget\" data-e-type=\"widget\" data-widget_type=\"image.default\">\n\t\t\t\t\t\t\t\t\t\t\t\t\t\t\t<img decoding=\"async\" width=\"1024\" height=\"576\" src=\"https:\/\/xienauto.com\/wp-content\/uploads\/2025\/09\/\u672a\u547d\u540d\u9879\u76ee-\u56fe\u5c42-1-16-1024x576.jpeg\" class=\"attachment-large size-large wp-image-281\" alt=\"Un ing\u00e9nieur en recherche et d\u00e9veloppement de Xienauto analyse un mod\u00e8le holographique d&#039;un phare \u00e0 DEL de qualit\u00e9 automobile, illustrant l&#039;innovation technologique.\" srcset=\"\" sizes=\"(max-width: 1024px) 100vw, 1024px\" data-srcset=\"\" \/>\t\t\t\t\t\t\t\t\t\t\t\t\t\t\t<\/div>\n\t\t\t\t<\/div>\n\t\t\t\t\t<\/div>\n\t\t\t\t<\/div>\n\t\t<div class=\"elementor-element elementor-element-b977d98 e-flex e-con-boxed e-con e-parent\" data-id=\"b977d98\" data-element_type=\"container\" data-e-type=\"container\">\n\t\t\t\t\t<div class=\"e-con-inner\">\n\t\t<div class=\"elementor-element elementor-element-be7cc09 e-con-full e-flex e-con e-child\" data-id=\"be7cc09\" data-element_type=\"container\" data-e-type=\"container\">\n\t\t\t\t<div class=\"elementor-element elementor-element-a95c551 elementor-widget elementor-widget-image\" data-id=\"a95c551\" data-element_type=\"widget\" data-e-type=\"widget\" data-widget_type=\"image.default\">\n\t\t\t\t\t\t\t\t\t\t\t\t\t\t\t<img loading=\"lazy\" decoding=\"async\" width=\"1024\" height=\"576\" src=\"https:\/\/xienauto.com\/wp-content\/uploads\/2025\/09\/\u672a\u547d\u540d\u9879\u76ee-\u56fe\u5c42-1-17-1024x576.jpeg\" class=\"attachment-large size-large wp-image-283\" alt=\"Dans l&#039;usine d&#039;\u00e9clairage automobile \u00e0 LED de Xienauto, des ouvriers assemblent un \u00e9clairage automobile \u00e0 LED de haute qualit\u00e9.\" srcset=\"\" sizes=\"(max-width: 1024px) 100vw, 1024px\" data-srcset=\"\" \/>\t\t\t\t\t\t\t\t\t\t\t\t\t\t\t<\/div>\n\t\t\t\t<\/div>\n\t\t<div class=\"elementor-element elementor-element-7fe298f e-con-full e-flex e-con e-child\" data-id=\"7fe298f\" data-element_type=\"container\" data-e-type=\"container\">\n\t\t\t\t<div class=\"elementor-element elementor-element-e230c2d elementor-widget elementor-widget-heading\" data-id=\"e230c2d\" data-element_type=\"widget\" data-e-type=\"widget\" data-widget_type=\"heading.default\">\n\t\t\t\t\t<h2 class=\"elementor-heading-title elementor-size-default\">Excellent syst\u00e8me de fabrication et de contr\u00f4le de la qualit\u00e9<\/h2>\t\t\t\t<\/div>\n\t\t\t\t<div class=\"elementor-element elementor-element-85b7388 elementor-widget elementor-widget-text-editor\" data-id=\"85b7388\" data-element_type=\"widget\" data-e-type=\"widget\" data-widget_type=\"text-editor.default\">\n\t\t\t\t\t\t\t\t\t<p>En tant que <b>Usine de lampes LED pour voitures<\/b>Nous adh\u00e9rons strictement au syst\u00e8me de gestion de la qualit\u00e9 IATF 16949. De l'utilisation de <b>LED de qualit\u00e9 automobile<\/b> Nous contr\u00f4lons m\u00e9ticuleusement chaque \u00e9tape de la production afin de garantir des performances stables dans toutes les conditions.<\/p>\t\t\t\t\t\t\t\t<\/div>\n\t\t\t\t<\/div>\n\t\t\t\t\t<\/div>\n\t\t\t\t<\/div>\n\t\t<div class=\"elementor-element elementor-element-4a48591 e-flex e-con-boxed e-con e-parent\" data-id=\"4a48591\" data-element_type=\"container\" data-e-type=\"container\">\n\t\t\t\t\t<div class=\"e-con-inner\">\n\t\t<div class=\"elementor-element elementor-element-c0430f3 e-con-full e-flex e-con e-child\" data-id=\"c0430f3\" data-element_type=\"container\" data-e-type=\"container\">\n\t\t\t\t<div class=\"elementor-element elementor-element-3eb0096 elementor-widget elementor-widget-heading\" data-id=\"3eb0096\" data-element_type=\"widget\" data-e-type=\"widget\" data-widget_type=\"heading.default\">\n\t\t\t\t\t<h2 class=\"elementor-heading-title elementor-size-default\">Services OEM\/ODM flexibles<\/h2>\t\t\t\t<\/div>\n\t\t\t\t<div class=\"elementor-element elementor-element-12449a7 elementor-widget elementor-widget-text-editor\" data-id=\"12449a7\" data-element_type=\"widget\" data-e-type=\"widget\" data-widget_type=\"text-editor.default\">\n\t\t\t\t\t\t\t\t\t<p>Nous proposons des services complets de <b>OEM\/ODM Lampe de voiture \u00e0 LED<\/b> Notre \u00e9quipe d'experts, qui comprend les besoins uniques des diff\u00e9rentes marques sur le march\u00e9, offre une gamme compl\u00e8te de services de conception et de fabrication. De la conception \u00e0 l'emballage personnalis\u00e9, en passant par l'ing\u00e9nierie structurelle, notre \u00e9quipe d'experts vous aidera \u00e0 transformer rapidement votre vision en un produit comp\u00e9titif.<\/p>\t\t\t\t\t\t\t\t<\/div>\n\t\t\t\t<\/div>\n\t\t<div class=\"elementor-element elementor-element-dc67d0a e-con-full e-flex e-con e-child\" data-id=\"dc67d0a\" data-element_type=\"container\" data-e-type=\"container\">\n\t\t\t\t<div class=\"elementor-element elementor-element-1ff1124 elementor-widget elementor-widget-image\" data-id=\"1ff1124\" data-element_type=\"widget\" data-e-type=\"widget\" data-widget_type=\"image.default\">\n\t\t\t\t\t\t\t\t\t\t\t\t\t\t\t<img loading=\"lazy\" decoding=\"async\" width=\"1024\" height=\"576\" src=\"https:\/\/xienauto.com\/wp-content\/uploads\/2025\/09\/\u672a\u547d\u540d\u9879\u76ee-\u56fe\u5c42-1-18-1024x576.jpeg\" class=\"attachment-large size-large wp-image-310\" alt=\"Le processus des services OEM\/ODM d&#039;\u00e9clairage automobile \u00e0 LED de Xienauto : de l&#039;esquisse au produit final en passant par le mod\u00e8le 3D.\" srcset=\"\" sizes=\"(max-width: 1024px) 100vw, 1024px\" data-srcset=\"\" \/>\t\t\t\t\t\t\t\t\t\t\t\t\t\t\t<\/div>\n\t\t\t\t<\/div>\n\t\t\t\t\t<\/div>\n\t\t\t\t<\/div>\n\t\t<div class=\"elementor-element elementor-element-e85f44d e-flex e-con-boxed e-con e-parent\" data-id=\"e85f44d\" data-element_type=\"container\" data-e-type=\"container\">\n\t\t\t\t\t<div class=\"e-con-inner\">\n\t\t\t\t<div class=\"elementor-element elementor-element-a0111d6 elementor-widget elementor-widget-spacer\" data-id=\"a0111d6\" data-element_type=\"widget\" data-e-type=\"widget\" data-widget_type=\"spacer.default\">\n\t\t\t\t\t\t\t<div class=\"elementor-spacer\">\n\t\t\t<div class=\"elementor-spacer-inner\"><\/div>\n\t\t<\/div>\n\t\t\t\t\t\t<\/div>\n\t\t\t\t\t<\/div>\n\t\t\t\t<\/div>\n\t\t<div class=\"elementor-element elementor-element-557a9c8a e-con-full e-flex e-con e-parent\" data-id=\"557a9c8a\" data-element_type=\"container\" data-e-type=\"container\" data-settings=\"{&quot;background_background&quot;:&quot;classic&quot;}\">\n\t\t\t\t<div class=\"elementor-element elementor-element-269c9a elementor-widget elementor-widget-heading\" data-id=\"269c9a\" data-element_type=\"widget\" data-e-type=\"widget\" data-widget_type=\"heading.default\">\n\t\t\t\t\t<h2 class=\"elementor-heading-title elementor-size-default\">Vous recherchez un fournisseur professionnel de phares \u00e0 LED ? <\/h2>\t\t\t\t<\/div>\n\t\t\t\t<div class=\"elementor-element elementor-element-5e4aef47 elementor-widget elementor-widget-text-editor\" data-id=\"5e4aef47\" data-element_type=\"widget\" data-e-type=\"widget\" data-widget_type=\"text-editor.default\">\n\t\t\t\t\t\t\t\t\t<p>Nous sommes un fabricant de source de <b>gros des phares \u00e0 LED pour l'automobile<\/b>. L'accent que nous mettons sur la qualit\u00e9 sup\u00e9rieure et les faibles taux de retour garantit des profits plus \u00e9lev\u00e9s pour votre entreprise.<\/p>\t\t\t\t\t\t\t\t<\/div>\n\t\t\t\t<div class=\"elementor-element elementor-element-46be5787 elementor-align-center elementor-widget elementor-widget-button\" data-id=\"46be5787\" data-element_type=\"widget\" data-e-type=\"widget\" data-widget_type=\"button.default\">\n\t\t\t\t\t\t\t\t\t\t<a class=\"elementor-button elementor-button-link elementor-size-sm\" href=\"#\">\n\t\t\t\t\t\t<span class=\"elementor-button-content-wrapper\">\n\t\t\t\t\t\t\t\t\t<span class=\"elementor-button-text\">Nous contacter<\/span>\n\t\t\t\t\t<\/span>\n\t\t\t\t\t<\/a>\n\t\t\t\t\t\t\t\t<\/div>\n\t\t\t\t<\/div>\n\t\t\t\t<\/div>","protected":false},"excerpt":{"rendered":"<p>Xienauto Story Starts From Here Engineering Brilliance, Illuminating the Future | Xienauto &#8211; Your Trusted Automotive Lighting Solutions Expert Welcome to Xienauto, a technology-leading LED car light manufacturer and solutions provider in the global automotive lighting industry. Since our inception, we have been dedicated to designing, developing, and manufacturing high-performance, reliable LED car lights for&#8230;<\/p>","protected":false},"author":1,"featured_media":0,"parent":0,"menu_order":0,"comment_status":"closed","ping_status":"closed","template":"","meta":{"_kad_post_transparent":"","_kad_post_title":"hide","_kad_post_layout":"fullwidth","_kad_post_sidebar_id":"","_kad_post_content_style":"unboxed","_kad_post_vertical_padding":"hide","_kad_post_feature":"hide","_kad_post_feature_position":"","_kad_post_header":false,"_kad_post_footer":false,"_kad_post_classname":"","footnotes":""},"class_list":["post-18","page","type-page","status-publish","hentry"],"_links":{"self":[{"href":"https:\/\/xienauto.com\/fr\/wp-json\/wp\/v2\/pages\/18","targetHints":{"allow":["GET"]}}],"collection":[{"href":"https:\/\/xienauto.com\/fr\/wp-json\/wp\/v2\/pages"}],"about":[{"href":"https:\/\/xienauto.com\/fr\/wp-json\/wp\/v2\/types\/page"}],"author":[{"embeddable":true,"href":"https:\/\/xienauto.com\/fr\/wp-json\/wp\/v2\/users\/1"}],"replies":[{"embeddable":true,"href":"https:\/\/xienauto.com\/fr\/wp-json\/wp\/v2\/comments?post=18"}],"version-history":[{"count":45,"href":"https:\/\/xienauto.com\/fr\/wp-json\/wp\/v2\/pages\/18\/revisions"}],"predecessor-version":[{"id":1692,"href":"https:\/\/xienauto.com\/fr\/wp-json\/wp\/v2\/pages\/18\/revisions\/1692"}],"wp:attachment":[{"href":"https:\/\/xienauto.com\/fr\/wp-json\/wp\/v2\/media?parent=18"}],"curies":[{"name":"wp","href":"https:\/\/api.w.org\/{rel}","templated":true}]}}