{"id":1529,"date":"2025-10-15T03:02:28","date_gmt":"2025-10-15T03:02:28","guid":{"rendered":"https:\/\/xienauto.com\/?page_id=1529"},"modified":"2025-10-15T03:10:30","modified_gmt":"2025-10-15T03:10:30","slug":"sitemap","status":"publish","type":"page","link":"https:\/\/xienauto.com\/fr\/sitemap\/","title":{"rendered":"Plan du site"},"content":{"rendered":"<div data-elementor-type=\"wp-page\" data-elementor-id=\"1529\" class=\"elementor elementor-1529\" data-elementor-post-type=\"page\">\n\t\t\t\t<div class=\"elementor-element elementor-element-7d2c02db e-flex e-con-boxed e-con e-parent\" data-id=\"7d2c02db\" data-element_type=\"container\" data-e-type=\"container\">\n\t\t\t\t\t<div class=\"e-con-inner\">\n\t\t\t\t<div class=\"elementor-element elementor-element-4556a474 elementor-widget elementor-widget-text-editor\" data-id=\"4556a474\" data-element_type=\"widget\" data-e-type=\"widget\" data-widget_type=\"text-editor.default\">\n\t\t\t\t\t\t\t\t\t<div class=\"rank-math-html-sitemap\">\n<div class=\"rank-math-html-sitemap__section rank-math-html-sitemap__section--post-type rank-math-html-sitemap__section--post\">\n<h2 class=\"rank-math-html-sitemap__title\">Articles<\/h2>\n<ul class=\"rank-math-html-sitemap__list\">\n<li class=\"rank-math-html-sitemap__item\"><a href=\"https:\/\/xienauto.com\/fr\/news\/test-led-headlight-beam-patterns-expert-guide\/\" class=\"rank-math-html-sitemap__link\">How to Test LED Headlight Beam Patterns: Expert Guide &amp; Tips<\/a> <span class=\"rank-math-html-sitemap__date\">(mars 17, 2026)<\/span><\/li>\n<li class=\"rank-math-html-sitemap__item\"><a href=\"https:\/\/xienauto.com\/fr\/news\/automotive-lighting-oem-odm-services\/\" class=\"rank-math-html-sitemap__link\">\u00c9clairage automobile Services OEM\/ODM | Conception sur mesure<\/a> <span class=\"rank-math-html-sitemap__date\">(mars 16, 2026)<\/span><\/li>\n<li class=\"rank-math-html-sitemap__item\"><a href=\"https:\/\/xienauto.com\/fr\/news\/wholesale-h7-led-bulbs-market-analysis\/\" class=\"rank-math-html-sitemap__link\">Wholesale H7 LED Bulbs: Market Trends for 2026<\/a> <span class=\"rank-math-html-sitemap__date\">(mars 8, 2026)<\/span><\/li>\n<li class=\"rank-math-html-sitemap__item\"><a href=\"https:\/\/xienauto.com\/fr\/news\/quality-control-led-bulbs-process\/\" class=\"rank-math-html-sitemap__link\">Quality Control LED Bulbs: How We Keep Defects &lt;1%<\/a> <span class=\"rank-math-html-sitemap__date\">(mars 2, 2026)<\/span><\/li>\n<li class=\"rank-math-html-sitemap__item\"><a href=\"https:\/\/xienauto.com\/fr\/news\/led-headlight-supplier-guide\/\" class=\"rank-math-html-sitemap__link\">Comment \u00e9valuer un fournisseur de phares \u00e0 LED<\/a> <span class=\"rank-math-html-sitemap__date\">(mars 1, 2026)<\/span><\/li>\n<li class=\"rank-math-html-sitemap__item\"><a href=\"https:\/\/xienauto.com\/fr\/news\/led-headlight-manufacturers-guide\/\" class=\"rank-math-html-sitemap__link\">Guide ultime de s\u00e9lection des fabricants de phares \u00e0 LED<\/a> <span class=\"rank-math-html-sitemap__date\">(f\u00e9vrier 12, 2026)<\/span><\/li>\n<li class=\"rank-math-html-sitemap__item\"><a href=\"https:\/\/xienauto.com\/fr\/news\/led-headlights-aftermarket-growth\/\" class=\"rank-math-html-sitemap__link\">Tendances du march\u00e9 de l'apr\u00e8s-vente des phares \u00e0 LED<\/a> <span class=\"rank-math-html-sitemap__date\">(f\u00e9vrier 11, 2026)<\/span><\/li>\n<li class=\"rank-math-html-sitemap__item\"><a href=\"https:\/\/xienauto.com\/fr\/news\/high-lumen-led-headlights-guide\/\" class=\"rank-math-html-sitemap__link\">High-Lumen LED Headlights and Road Safety<\/a> <span class=\"rank-math-html-sitemap__date\">(f\u00e9vrier 11, 2026)<\/span><\/li>\n<li class=\"rank-math-html-sitemap__item\"><a href=\"https:\/\/xienauto.com\/fr\/news\/wholesale-led-headlight-pricing-analysis\/\" class=\"rank-math-html-sitemap__link\">Expert View Prix de gros des phares LED pour les commandes en gros<\/a> <span class=\"rank-math-html-sitemap__date\">(f\u00e9vrier 7, 2026)<\/span><\/li>\n<li class=\"rank-math-html-sitemap__item\"><a href=\"https:\/\/xienauto.com\/fr\/news\/plug-and-play-led-headlight-kits\/\" class=\"rank-math-html-sitemap__link\">Phares LED pr\u00eats \u00e0 l'emploi pour le march\u00e9 de la rechange<\/a> <span class=\"rank-math-html-sitemap__date\">(f\u00e9vrier 4, 2026)<\/span><\/li>\n<li class=\"rank-math-html-sitemap__item\"><a href=\"https:\/\/xienauto.com\/fr\/news\/matrix-led-headlights-system\/\" class=\"rank-math-html-sitemap__link\">Les phares LED matriciels adaptatifs dans les v\u00e9hicules modernes<\/a> <span class=\"rank-math-html-sitemap__date\">(f\u00e9vrier 4, 2026)<\/span><\/li>\n<li class=\"rank-math-html-sitemap__item\"><a href=\"https:\/\/xienauto.com\/fr\/news\/custom-automotive-lighting-supplier\/\" class=\"rank-math-html-sitemap__link\">Le meilleur fournisseur d'\u00e9clairage automobile personnalis\u00e9 pour OEM et ODM<\/a> <span class=\"rank-math-html-sitemap__date\">(janvier 29, 2026)<\/span><\/li>\n<li class=\"rank-math-html-sitemap__item\"><a href=\"https:\/\/xienauto.com\/fr\/news\/private-label-headlight-supplier\/\" class=\"rank-math-html-sitemap__link\">Fournisseur expert de phares sous marque de distributeur et fabrication ODM<\/a> <span class=\"rank-math-html-sitemap__date\">(janvier 28, 2026)<\/span><\/li>\n<li class=\"rank-math-html-sitemap__item\"><a href=\"https:\/\/xienauto.com\/fr\/news\/custom-headlight-manufacturer\/\" class=\"rank-math-html-sitemap__link\">Services experts de fabrication et de conception de phares personnalis\u00e9s<\/a> <span class=\"rank-math-html-sitemap__date\">(janvier 28, 2026)<\/span><\/li>\n<li class=\"rank-math-html-sitemap__item\"><a href=\"https:\/\/xienauto.com\/fr\/news\/oem-headlight-solutions-design-to-production\/\" class=\"rank-math-html-sitemap__link\">Solutions OEM pour les phares, de la conception \u00e0 la production<\/a> <span class=\"rank-math-html-sitemap__date\">(janvier 27, 2026)<\/span><\/li>\n<li class=\"rank-math-html-sitemap__item\"><a href=\"https:\/\/xienauto.com\/fr\/news\/led-headlight-manufacturer-selection\/\" class=\"rank-math-html-sitemap__link\">Pourquoi les distributeurs choisissent-ils un fabricant de phares \u00e0 LED fiable ?<\/a> <span class=\"rank-math-html-sitemap__date\">(janvier 27, 2026)<\/span><\/li>\n<li class=\"rank-math-html-sitemap__item\"><a href=\"https:\/\/xienauto.com\/fr\/news\/led-headlight-lumen-claims\/\" class=\"rank-math-html-sitemap__link\">D\u00e9clarations de lumens pour les phares \u00e0 LED : Excellent guide d'audit en vrac<\/a> <span class=\"rank-math-html-sitemap__date\">(janvier 12, 2026)<\/span><\/li>\n<li class=\"rank-math-html-sitemap__item\"><a href=\"https:\/\/xienauto.com\/fr\/news\/led-headlight-bulbs-wholesale-guide\/\" class=\"rank-math-html-sitemap__link\">Guide complet de vente d'ampoules LED pour phares | Xienauto<\/a> <span class=\"rank-math-html-sitemap__date\">(janvier 4, 2026)<\/span><\/li>\n<li class=\"rank-math-html-sitemap__item\"><a href=\"https:\/\/xienauto.com\/fr\/news\/led-headlight-bulbs-latin-america-wholesalers\/\" class=\"rank-math-html-sitemap__link\">Ampoules LED pour phares en Am\u00e9rique latine : Guide du grossiste<\/a> <span class=\"rank-math-html-sitemap__date\">(d\u00e9cembre 18, 2025)<\/span><\/li>\n<li class=\"rank-math-html-sitemap__item\"><a href=\"https:\/\/xienauto.com\/fr\/news\/choose-reliable-led-car-light-manufacturer-china\/\" class=\"rank-math-html-sitemap__link\">Choisir un fabricant fiable de feux de voiture \u00e0 LED en Chine<\/a> <span class=\"rank-math-html-sitemap__date\">(13 d\u00e9cembre 2025)<\/span><\/li>\n<li class=\"rank-math-html-sitemap__item\"><a href=\"https:\/\/xienauto.com\/fr\/news\/mexico-wholesale-led-car-lights-price-guide\/\" class=\"rank-math-html-sitemap__link\">Lumi\u00e8res LED pour voitures en gros au Mexique : guide des prix d'usine<\/a> <span class=\"rank-math-html-sitemap__date\">(10 d\u00e9cembre 2025)<\/span><\/li>\n<li class=\"rank-math-html-sitemap__item\"><a href=\"https:\/\/xienauto.com\/fr\/news\/led-headlight-wholesale-guide\/\" class=\"rank-math-html-sitemap__link\">Guide complet des phares \u00e0 LED en gros | Xienauto<\/a> <span class=\"rank-math-html-sitemap__date\">(27 novembre 2025)<\/span><\/li>\n<li class=\"rank-math-html-sitemap__item\"><a href=\"https:\/\/xienauto.com\/fr\/news\/private-label-led-headlight-bulbs-brand\/\" class=\"rank-math-html-sitemap__link\">Cr\u00e9er une marque priv\u00e9e rentable pour les ampoules de phares \u00e0 LED<\/a> <span class=\"rank-math-html-sitemap__date\">(26 novembre 2025)<\/span><\/li>\n<li class=\"rank-math-html-sitemap__item\"><a href=\"https:\/\/xienauto.com\/fr\/news\/h4-led-headlight-bulbs-guide\/\" class=\"rank-math-html-sitemap__link\">Ampoules de phares LED H4 : Le guide d\u00e9finitif<\/a> <span class=\"rank-math-html-sitemap__date\">(12 novembre 2025)<\/span><\/li>\n<li class=\"rank-math-html-sitemap__item\"><a href=\"https:\/\/xienauto.com\/fr\/news\/plug-and-play-led-headlights-a-reseller-guide\/\" class=\"rank-math-html-sitemap__link\">Phares LED Plug-and-Play : guide complet pour les revendeurs<\/a> <span class=\"rank-math-html-sitemap__date\">(11 novembre 2025)<\/span><\/li>\n<li class=\"rank-math-html-sitemap__item\"><a href=\"https:\/\/xienauto.com\/fr\/news\/buy-h1-led-headlights-bulbs\/\" class=\"rank-math-html-sitemap__link\">Acheter des ampoules H1 LED Headlights en vrac pour les distributeurs automobiles<\/a> <span class=\"rank-math-html-sitemap__date\">(10 novembre 2025)<\/span><\/li>\n<li class=\"rank-math-html-sitemap__item\"><a href=\"https:\/\/xienauto.com\/fr\/news\/guide-best-selling-led-headlights\/\" class=\"rank-math-html-sitemap__link\">Guide de base des meilleures ventes de phares \u00e0 LED<\/a> <span class=\"rank-math-html-sitemap__date\">(6 novembre 2025)<\/span><\/li>\n<li class=\"rank-math-html-sitemap__item\"><a href=\"https:\/\/xienauto.com\/fr\/news\/best-led-headlight-bulbs-off-road-vehicles\/\" class=\"rank-math-html-sitemap__link\">Les meilleures ampoules LED pour phares de v\u00e9hicules tout-terrain<\/a> <span class=\"rank-math-html-sitemap__date\">(3 novembre 2025)<\/span><\/li>\n<li class=\"rank-math-html-sitemap__item\"><a href=\"https:\/\/xienauto.com\/fr\/news\/leds-headlights-color-temperature-beam-pattern\/\" class=\"rank-math-html-sitemap__link\">Phares \u00e0 DEL Ultimate : guide sur la temp\u00e9rature de couleur et le faisceau lumineux<\/a> <span class=\"rank-math-html-sitemap__date\">(29 octobre 2025)<\/span><\/li>\n<li class=\"rank-math-html-sitemap__item\"><a href=\"https:\/\/xienauto.com\/fr\/news\/led-headlight-conversion-kit-reseller-guide\/\" class=\"rank-math-html-sitemap__link\">Principales marques de kits de conversion de phares \u00e0 LED pour les revendeurs<\/a> <span class=\"rank-math-html-sitemap__date\">(21 octobre 2025)<\/span><\/li>\n<li class=\"rank-math-html-sitemap__item\"><a href=\"https:\/\/xienauto.com\/fr\/news\/ampoules-de-phares-a-led-h11-reparation-depannage\/\" class=\"rank-math-html-sitemap__link\">R\u00e9paration et d\u00e9pannage des ampoules de phares \u00e0 DEL H11<\/a> <span class=\"rank-math-html-sitemap__date\">(20 octobre 2025)<\/span><\/li>\n<li class=\"rank-math-html-sitemap__item\"><a href=\"https:\/\/xienauto.com\/fr\/news\/how-to-choose-led-headlights-supplier\/\" class=\"rank-math-html-sitemap__link\">Fournisseur de phares LED Comment choisir le meilleur ?<\/a> <span class=\"rank-math-html-sitemap__date\">(17 octobre 2025)<\/span><\/li>\n<li class=\"rank-math-html-sitemap__item\"><a href=\"https:\/\/xienauto.com\/fr\/news\/led-headlamp-car-bulbs-demand-auto-market\/\" class=\"rank-math-html-sitemap__link\">Ampoules LED pour phares de voiture : Croissance et tendances du march\u00e9 secondaire<\/a> <span class=\"rank-math-html-sitemap__date\">(16 octobre 2025)<\/span><\/li>\n<li class=\"rank-math-html-sitemap__item\"><a href=\"https:\/\/xienauto.com\/fr\/news\/meilleures-pratiques-pour-les-ampoules-des-phares-de-voiture-imp-exp\/\" class=\"rank-math-html-sitemap__link\">Meilleures pratiques pour l'importation et l'exportation d'ampoules de phares de voiture<\/a> <span class=\"rank-math-html-sitemap__date\">(13 octobre 2025)<\/span><\/li>\n<li class=\"rank-math-html-sitemap__item\"><a href=\"https:\/\/xienauto.com\/fr\/news\/optimiser-lapprovisionnement-en-gros-de-phares-a-diodes-electroluminescentes\/\" class=\"rank-math-html-sitemap__link\">Optm Wholesale LED Headlights Strat\u00e9gie et gain de parts de march\u00e9<\/a> <span class=\"rank-math-html-sitemap__date\">(11 octobre 2025)<\/span><\/li>\n<li class=\"rank-math-html-sitemap__item\"><a href=\"https:\/\/xienauto.com\/fr\/news\/comment-choisir-un-fournisseur-dampoules-de-phares-a-leds\/\" class=\"rank-math-html-sitemap__link\">Comment choisir le bon fournisseur d'ampoules LED pour phares<\/a> <span class=\"rank-math-html-sitemap__date\">(10 octobre 2025)<\/span><\/li>\n<li class=\"rank-math-html-sitemap__item\"><a href=\"https:\/\/xienauto.com\/fr\/news\/cycle-de-reparation-et-de-remplacement-des-feux-de-voiture\/\" class=\"rank-math-html-sitemap__link\">Guide d'expert sur le cycle de r\u00e9paration et de remplacement des feux de voiture<\/a> <span class=\"rank-math-html-sitemap__date\">(9 octobre 2025)<\/span><\/li>\n<li class=\"rank-math-html-sitemap__item\"><a href=\"https:\/\/xienauto.com\/fr\/news\/legislation-relative-aux-phares-automobiles-a-diodes-electroluminescentes-en-colombie\/\" class=\"rank-math-html-sitemap__link\">Lois colombiennes sur les phares automobiles \u00e0 DEL : Ce qu'il faut savoir<\/a> <span class=\"rank-math-html-sitemap__date\">(29 septembre 2025)<\/span><\/li>\n<li class=\"rank-math-html-sitemap__item\"><a href=\"https:\/\/xienauto.com\/fr\/news\/guide-comparatif-complet-des-phares-a-diodes-electroluminescentes-des-phares-halogenes-et-des-phares-a-projecteur\/\" class=\"rank-math-html-sitemap__link\">Phares \u00e0 LED ou halog\u00e8nes ou projecteurs : 2025 Guide<\/a> <span class=\"rank-math-html-sitemap__date\">(27 septembre 2025)<\/span><\/li>\n<li class=\"rank-math-html-sitemap__item\"><a href=\"https:\/\/xienauto.com\/fr\/news\/renforcer-la-competitivite-de-la-marque-des-phares-a-diodes-electroluminescentes\/\" class=\"rank-math-html-sitemap__link\">Renforcer la comp\u00e9titivit\u00e9 des phares \u00e0 LED par la diff\u00e9renciation des marques<\/a> <span class=\"rank-math-html-sitemap__date\">(27 septembre 2025)<\/span><\/li>\n<li class=\"rank-math-html-sitemap__item\"><a href=\"https:\/\/xienauto.com\/fr\/news\/how-to-test-led-headlight-quality\/\" class=\"rank-math-html-sitemap__link\">Comment tester la qualit\u00e9 des phares \u00e0 DEL : guide professionnel<\/a> <span class=\"rank-math-html-sitemap__date\">(26 septembre 2025)<\/span><\/li>\n<li class=\"rank-math-html-sitemap__item\"><a href=\"https:\/\/xienauto.com\/fr\/news\/taille-du-marche-mondial-des-phares-a-diodes-electroluminescentes\/\" class=\"rank-math-html-sitemap__link\">Taille du march\u00e9 mondial des phares \u00e0 LED et pr\u00e9visions 2025-2030<\/a> <span class=\"rank-math-html-sitemap__date\">(25 septembre 2025)<\/span><\/li>\n<\/ul>\n<\/div>\n<div class=\"rank-math-html-sitemap__section rank-math-html-sitemap__section--post-type rank-math-html-sitemap__section--page\">\n<h2 class=\"rank-math-html-sitemap__title\">Pages<\/h2>\n<ul class=\"rank-math-html-sitemap__list\">\n<li class=\"rank-math-html-sitemap__item\"><a href=\"https:\/\/xienauto.com\/fr\/sitemap\/\" class=\"rank-math-html-sitemap__link\">Xienauto r\u00e9pond \u00e0 toutes vos exigences en mati\u00e8re de phares \u00e0 LED<\/a> <span class=\"rank-math-html-sitemap__date\">(15 octobre 2025)<\/span><\/li>\n<li class=\"rank-math-html-sitemap__item\"><a href=\"https:\/\/xienauto.com\/fr\/privacy-policy\/\" class=\"rank-math-html-sitemap__link\">Politique de confidentialit\u00e9 | Fournisseur expert en \u00e9clairage automobile et \u00e9lectronique LED<\/a> <span class=\"rank-math-html-sitemap__date\">(10 octobre 2025)<\/span><\/li>\n<li class=\"rank-math-html-sitemap__item\"><a href=\"https:\/\/xienauto.com\/fr\/conditions-generales\/\" class=\"rank-math-html-sitemap__link\">Conditions g\u00e9n\u00e9rales | Fournisseur d'\u00e9clairage LED et d'\u00e9lectronique pour voitures<\/a> <span class=\"rank-math-html-sitemap__date\">(10 octobre 2025)<\/span><\/li>\n<li class=\"rank-math-html-sitemap__item\"><a href=\"https:\/\/xienauto.com\/fr\/request-quote\/\" class=\"rank-math-html-sitemap__link\">Request a Quote &#8211; Car LED Lights Manufacturer, Energy,Efficient, Xienauto,car led headlight manufacturer<\/a> <span class=\"rank-math-html-sitemap__date\">(26 septembre 2025)<\/span><\/li>\n<li class=\"rank-math-html-sitemap__item\"><a href=\"https:\/\/xienauto.com\/fr\/news\/\" class=\"rank-math-html-sitemap__link\">Actualit\u00e9s, tendances et innovations dans le domaine des phares \u00e0 LED<\/a> <span class=\"rank-math-html-sitemap__date\">(25 septembre 2025)<\/span><\/li>\n<li class=\"rank-math-html-sitemap__item\"><a href=\"https:\/\/xienauto.com\/fr\/nous-contacter\/\" class=\"rank-math-html-sitemap__link\">Contactez-nous | Fournisseur expert en \u00e9clairage LED et \u00e9lectronique automobile<\/a> <span class=\"rank-math-html-sitemap__date\">(25 septembre 2025)<\/span><\/li>\n<li class=\"rank-math-html-sitemap__item\"><a href=\"https:\/\/xienauto.com\/fr\/faq\/\" class=\"rank-math-html-sitemap__link\">FAQ &#8211; Car LED Lights Manufacturer, Energy,Efficient, Xienauto,car led headlight manufacturer<\/a> <span class=\"rank-math-html-sitemap__date\">(25 septembre 2025)<\/span><\/li>\n<li class=\"rank-math-html-sitemap__item\"><a href=\"https:\/\/xienauto.com\/fr\/products\/\" class=\"rank-math-html-sitemap__link\">LED Car Lights | Projector Headlights | Expert Supplier<\/a> <span class=\"rank-math-html-sitemap__date\">(25 septembre 2025)<\/span><\/li>\n<li class=\"rank-math-html-sitemap__item\"><a href=\"https:\/\/xienauto.com\/fr\/a-propos-de-nous\/\" class=\"rank-math-html-sitemap__link\">Fabricant professionnel de feux \u00e0 LED pour voitures | Xienauto<\/a> <span class=\"rank-math-html-sitemap__date\">(25 septembre 2025)<\/span><\/li>\n<li class=\"rank-math-html-sitemap__item\"><a href=\"https:\/\/xienauto.com\/fr\/\" class=\"rank-math-html-sitemap__link\">Phare LED pour voiture Wholesale | Direct Supplier Xienauto<\/a> <span class=\"rank-math-html-sitemap__date\">(25 septembre 2025)<\/span><\/li>\n<\/ul>\n<\/div>\n<div class=\"rank-math-html-sitemap__section rank-math-html-sitemap__section--post-type rank-math-html-sitemap__section--product\">\n<h2 class=\"rank-math-html-sitemap__title\">Produits<\/h2>\n<ul class=\"rank-math-html-sitemap__list\">\n<li class=\"rank-math-html-sitemap__item\"><a href=\"https:\/\/xienauto.com\/fr\/product\/xe-xt20-led-headlight\/\" class=\"rank-math-html-sitemap__link\">Phare LED XE-XT20 pour OEM et grossistes<\/a> <span class=\"rank-math-html-sitemap__date\">(janvier 27, 2026)<\/span><\/li>\n<li class=\"rank-math-html-sitemap__item\"><a href=\"https:\/\/xienauto.com\/fr\/product\/car-vacuum-cleaner-wholesale\/\" class=\"rank-math-html-sitemap__link\">Xienauto Aspirateur de voiture Wholesale OEM ODM<\/a> <span class=\"rank-math-html-sitemap__date\">(16 octobre 2025)<\/span><\/li>\n<li class=\"rank-math-html-sitemap__item\"><a href=\"https:\/\/xienauto.com\/fr\/product\/ampoule-de-phare-a-led-h7\/\" class=\"rank-math-html-sitemap__link\">Ampoule de phare LED H7 : Haute luminosit\u00e9 pour la vente en gros<\/a> <span class=\"rank-math-html-sitemap__date\">(10 octobre 2025)<\/span><\/li>\n<li class=\"rank-math-html-sitemap__item\"><a href=\"https:\/\/xienauto.com\/fr\/product\/ampoules-de-phare-a-leds-de-qualite-superieure\/\" class=\"rank-math-html-sitemap__link\">Ampoules de phare LED Premium Xienauto XE-R13<\/a> <span class=\"rank-math-html-sitemap__date\">(10 octobre 2025)<\/span><\/li>\n<li class=\"rank-math-html-sitemap__item\"><a href=\"https:\/\/xienauto.com\/fr\/product\/ampoules-automobiles-led-50k-hrs\/\" class=\"rank-math-html-sitemap__link\">Ampoules LED pour l'automobile - Haute luminosit\u00e9 pour grossiste<\/a> <span class=\"rank-math-html-sitemap__date\">(9 octobre 2025)<\/span><\/li>\n<li class=\"rank-math-html-sitemap__item\"><a href=\"https:\/\/xienauto.com\/fr\/product\/phares-a-led-h4-pour-whosalers\/\" class=\"rank-math-html-sitemap__link\">H4 LED Headlights Wholesale 12,000LM DOT Certified<\/a> <span class=\"rank-math-html-sitemap__date\">(9 octobre 2025)<\/span><\/li>\n<li class=\"rank-math-html-sitemap__item\"><a href=\"https:\/\/xienauto.com\/fr\/product\/ampoule-de-phare-a-led-h11\/\" class=\"rank-math-html-sitemap__link\">Ampoule de phare LED H11 : B2B Wholesale Kits Dur\u00e9e de vie 50K-heure<\/a> <span class=\"rank-math-html-sitemap__date\">(30 septembre 2025)<\/span><\/li>\n<li class=\"rank-math-html-sitemap__item\"><a href=\"https:\/\/xienauto.com\/fr\/product\/ampoules-de-phares-a-led-en-gros\/\" class=\"rank-math-html-sitemap__link\">Ampoules pour phares LED - Prix de gros certifi\u00e9s OEM<\/a> <span class=\"rank-math-html-sitemap__date\">(30 septembre 2025)<\/span><\/li>\n<li class=\"rank-math-html-sitemap__item\"><a href=\"https:\/\/xienauto.com\/fr\/product\/lentille-de-projecteur-led\/\" class=\"rank-math-html-sitemap__link\">LED Projector Lens | Automotive HD Headlight Core (lentille de projecteur LED)<\/a> <span class=\"rank-math-html-sitemap__date\">(28 septembre 2025)<\/span><\/li>\n<li class=\"rank-math-html-sitemap__item\"><a href=\"https:\/\/xienauto.com\/fr\/product\/phares-a-diodes-electroluminescentes-pour-lautomobile\/\" class=\"rank-math-html-sitemap__link\">Phares LED Xienauto Plug&amp;Play pour camions\/SUV<\/a> <span class=\"rank-math-html-sitemap__date\">(26 septembre 2025)<\/span><\/li>\n<\/ul>\n<\/div>\n<div class=\"rank-math-html-sitemap__section rank-math-html-sitemap__section--taxonomy rank-math-html-sitemap__section--category\">\n<h2 class=\"rank-math-html-sitemap__title\">Cat\u00e9gories<\/h2>\n<ul class=\"rank-math-html-sitemap__list\">\n<li class=\"rank-math-html-sitemap__item\"><a href=\"https:\/\/xienauto.com\/fr\/categorie\/news\/\" class=\"rank-math-html-sitemap__link\">News &#8211; Car LED Lights Manufacturer, Energy,Efficient, Xienauto,car led headlight manufacturer<\/a>\n<ul class=\"rank-math-html-sitemap__list\">\n<li class=\"rank-math-html-sitemap__item\"><a href=\"https:\/\/xienauto.com\/fr\/categorie\/news\/car-electrical-appliances\/\" class=\"rank-math-html-sitemap__link\">Car Electrical Appliances &#8211; Car LED Lights Manufacturer, Energy,Efficient, Xienauto,car led headlight manufacturer<\/a><\/li>\n<li class=\"rank-math-html-sitemap__item\"><a href=\"https:\/\/xienauto.com\/fr\/categorie\/news\/phares-a-diodes-electroluminescentes\/\" class=\"rank-math-html-sitemap__link\">LED Headlights &#8211; Car LED Lights Manufacturer, Energy,Efficient, Xienauto,car led headlight manufacturer<\/a><\/li>\n<\/ul>\n<\/li>\n<\/ul>\n<\/div>\n<\/div>\n\t\t\t\t\t\t\t\t<\/div>\n\t\t\t\t\t<\/div>\n\t\t\t\t<\/div>\n\t\t\t\t<\/div>","protected":false},"excerpt":{"rendered":"","protected":false},"author":1,"featured_media":0,"parent":0,"menu_order":0,"comment_status":"closed","ping_status":"closed","template":"","meta":{"_kad_post_transparent":"","_kad_post_title":"","_kad_post_layout":"","_kad_post_sidebar_id":"","_kad_post_content_style":"","_kad_post_vertical_padding":"","_kad_post_feature":"","_kad_post_feature_position":"","_kad_post_header":false,"_kad_post_footer":false,"_kad_post_classname":"","footnotes":""},"class_list":["post-1529","page","type-page","status-publish","hentry"],"_links":{"self":[{"href":"https:\/\/xienauto.com\/fr\/wp-json\/wp\/v2\/pages\/1529","targetHints":{"allow":["GET"]}}],"collection":[{"href":"https:\/\/xienauto.com\/fr\/wp-json\/wp\/v2\/pages"}],"about":[{"href":"https:\/\/xienauto.com\/fr\/wp-json\/wp\/v2\/types\/page"}],"author":[{"embeddable":true,"href":"https:\/\/xienauto.com\/fr\/wp-json\/wp\/v2\/users\/1"}],"replies":[{"embeddable":true,"href":"https:\/\/xienauto.com\/fr\/wp-json\/wp\/v2\/comments?post=1529"}],"version-history":[{"count":13,"href":"https:\/\/xienauto.com\/fr\/wp-json\/wp\/v2\/pages\/1529\/revisions"}],"predecessor-version":[{"id":1544,"href":"https:\/\/xienauto.com\/fr\/wp-json\/wp\/v2\/pages\/1529\/revisions\/1544"}],"wp:attachment":[{"href":"https:\/\/xienauto.com\/fr\/wp-json\/wp\/v2\/media?parent=1529"}],"curies":[{"name":"wp","href":"https:\/\/api.w.org\/{rel}","templated":true}]}}