{"id":1529,"date":"2025-10-15T03:02:28","date_gmt":"2025-10-15T03:02:28","guid":{"rendered":"https:\/\/xienauto.com\/?page_id=1529"},"modified":"2025-10-15T03:10:30","modified_gmt":"2025-10-15T03:10:30","slug":"sitemap","status":"publish","type":"page","link":"https:\/\/xienauto.com\/de\/sitemap\/","title":{"rendered":"Site map"},"content":{"rendered":"<div data-elementor-type=\"wp-page\" data-elementor-id=\"1529\" class=\"elementor elementor-1529\" data-elementor-post-type=\"page\">\n\t\t\t\t<div class=\"elementor-element elementor-element-7d2c02db e-flex e-con-boxed e-con e-parent\" data-id=\"7d2c02db\" data-element_type=\"container\" data-e-type=\"container\">\n\t\t\t\t\t<div class=\"e-con-inner\">\n\t\t\t\t<div class=\"elementor-element elementor-element-4556a474 elementor-widget elementor-widget-text-editor\" data-id=\"4556a474\" data-element_type=\"widget\" data-e-type=\"widget\" data-widget_type=\"text-editor.default\">\n\t\t\t\t\t\t\t\t\t<div class=\"rank-math-html-sitemap\">\n<div class=\"rank-math-html-sitemap__section rank-math-html-sitemap__section--post-type rank-math-html-sitemap__section--post\">\n<h2 class=\"rank-math-html-sitemap__title\">Beitr\u00e4ge<\/h2>\n<ul class=\"rank-math-html-sitemap__list\">\n<li class=\"rank-math-html-sitemap__item\"><a href=\"https:\/\/xienauto.com\/de\/news\/test-led-headlight-beam-patterns-expert-guide\/\" class=\"rank-math-html-sitemap__link\">How to Test LED Headlight Beam Patterns: Expert Guide &amp; Tips<\/a> <span class=\"rank-math-html-sitemap__date\">(M\u00e4rz 17, 2026)<\/span><\/li>\n<li class=\"rank-math-html-sitemap__item\"><a href=\"https:\/\/xienauto.com\/de\/news\/automotive-lighting-oem-odm-services\/\" class=\"rank-math-html-sitemap__link\">Automotive Lighting OEM\/ODM Services | Custom Design<\/a> <span class=\"rank-math-html-sitemap__date\">(M\u00e4rz 16, 2026)<\/span><\/li>\n<li class=\"rank-math-html-sitemap__item\"><a href=\"https:\/\/xienauto.com\/de\/news\/wholesale-h7-led-bulbs-market-analysis\/\" class=\"rank-math-html-sitemap__link\">Gro\u00dfhandel H7 LED-Lampen: Markttrends f\u00fcr 2026<\/a> <span class=\"rank-math-html-sitemap__date\">(M\u00e4rz 8, 2026)<\/span><\/li>\n<li class=\"rank-math-html-sitemap__item\"><a href=\"https:\/\/xienauto.com\/de\/news\/quality-control-led-bulbs-process\/\" class=\"rank-math-html-sitemap__link\">Qualit\u00e4tskontrolle LED-Lampen: Wie wir Defekte &lt;1% halten<\/a> <span class=\"rank-math-html-sitemap__date\">(M\u00e4rz 2, 2026)<\/span><\/li>\n<li class=\"rank-math-html-sitemap__item\"><a href=\"https:\/\/xienauto.com\/de\/news\/led-headlight-supplier-guide\/\" class=\"rank-math-html-sitemap__link\">How to Evaluate an LED Headlight Supplier<\/a> <span class=\"rank-math-html-sitemap__date\">(M\u00e4rz 1, 2026)<\/span><\/li>\n<li class=\"rank-math-html-sitemap__item\"><a href=\"https:\/\/xienauto.com\/de\/news\/led-headlight-manufacturers-guide\/\" class=\"rank-math-html-sitemap__link\">Ultimative Auswahlhilfe f\u00fcr LED-Scheinwerferhersteller<\/a> <span class=\"rank-math-html-sitemap__date\">(Februar 12, 2026)<\/span><\/li>\n<li class=\"rank-math-html-sitemap__item\"><a href=\"https:\/\/xienauto.com\/de\/news\/led-headlights-aftermarket-growth\/\" class=\"rank-math-html-sitemap__link\">LED-Scheinwerfer - Trends auf dem Aftermarket<\/a> <span class=\"rank-math-html-sitemap__date\">(Februar 11, 2026)<\/span><\/li>\n<li class=\"rank-math-html-sitemap__item\"><a href=\"https:\/\/xienauto.com\/de\/news\/high-lumen-led-headlights-guide\/\" class=\"rank-math-html-sitemap__link\">High-Lumen LED Headlights and Road Safety<\/a> <span class=\"rank-math-html-sitemap__date\">(Februar 11, 2026)<\/span><\/li>\n<li class=\"rank-math-html-sitemap__item\"><a href=\"https:\/\/xienauto.com\/de\/news\/wholesale-led-headlight-pricing-analysis\/\" class=\"rank-math-html-sitemap__link\">Expertenansicht Gro\u00dfhandelspreise f\u00fcr LED-Scheinwerfer f\u00fcr Gro\u00dfbestellungen<\/a> <span class=\"rank-math-html-sitemap__date\">(Februar 7, 2026)<\/span><\/li>\n<li class=\"rank-math-html-sitemap__item\"><a href=\"https:\/\/xienauto.com\/de\/news\/plug-and-play-led-headlight-kits\/\" class=\"rank-math-html-sitemap__link\">Plug-and-Play-LED-Scheinwerfer f\u00fcr den Nachr\u00fcstmarkt<\/a> <span class=\"rank-math-html-sitemap__date\">(Februar 4, 2026)<\/span><\/li>\n<li class=\"rank-math-html-sitemap__item\"><a href=\"https:\/\/xienauto.com\/de\/news\/matrix-led-headlights-system\/\" class=\"rank-math-html-sitemap__link\">Adaptive Matrix-LED-Scheinwerfer in modernen Fahrzeugen<\/a> <span class=\"rank-math-html-sitemap__date\">(Februar 4, 2026)<\/span><\/li>\n<li class=\"rank-math-html-sitemap__item\"><a href=\"https:\/\/xienauto.com\/de\/news\/custom-automotive-lighting-supplier\/\" class=\"rank-math-html-sitemap__link\">Der beste Lieferant f\u00fcr kundenspezifische Automobilbeleuchtung f\u00fcr OEM &amp; ODM<\/a> <span class=\"rank-math-html-sitemap__date\">(Januar 29, 2026)<\/span><\/li>\n<li class=\"rank-math-html-sitemap__item\"><a href=\"https:\/\/xienauto.com\/de\/news\/private-label-headlight-supplier\/\" class=\"rank-math-html-sitemap__link\">Expert Private Label Headlight Supplier &amp; ODM Manufacturing<\/a> <span class=\"rank-math-html-sitemap__date\">(Januar 28, 2026)<\/span><\/li>\n<li class=\"rank-math-html-sitemap__item\"><a href=\"https:\/\/xienauto.com\/de\/news\/custom-headlight-manufacturer\/\" class=\"rank-math-html-sitemap__link\">Experten f\u00fcr die Herstellung und das Design individueller Scheinwerfer<\/a> <span class=\"rank-math-html-sitemap__date\">(Januar 28, 2026)<\/span><\/li>\n<li class=\"rank-math-html-sitemap__item\"><a href=\"https:\/\/xienauto.com\/de\/news\/oem-headlight-solutions-design-to-production\/\" class=\"rank-math-html-sitemap__link\">OEM-Scheinwerferl\u00f6sungen vom Design bis zur Produktion<\/a> <span class=\"rank-math-html-sitemap__date\">(Januar 27, 2026)<\/span><\/li>\n<li class=\"rank-math-html-sitemap__item\"><a href=\"https:\/\/xienauto.com\/de\/news\/led-headlight-manufacturer-selection\/\" class=\"rank-math-html-sitemap__link\">Why Distributors Pick a Reliable LED Headlight Manufacturer<\/a> <span class=\"rank-math-html-sitemap__date\">(Januar 27, 2026)<\/span><\/li>\n<li class=\"rank-math-html-sitemap__item\"><a href=\"https:\/\/xienauto.com\/de\/news\/led-headlight-lumen-claims\/\" class=\"rank-math-html-sitemap__link\">LED-Scheinwerfer Lumen-Behauptungen: Ausgezeichneter Bulk Audit Guide<\/a> <span class=\"rank-math-html-sitemap__date\">(Januar 12, 2026)<\/span><\/li>\n<li class=\"rank-math-html-sitemap__item\"><a href=\"https:\/\/xienauto.com\/de\/news\/led-headlight-bulbs-wholesale-guide\/\" class=\"rank-math-html-sitemap__link\">Complete LED Headlight Bulbs Wholesale Guide | Xienauto<\/a> <span class=\"rank-math-html-sitemap__date\">(Januar 4, 2026)<\/span><\/li>\n<li class=\"rank-math-html-sitemap__item\"><a href=\"https:\/\/xienauto.com\/de\/news\/led-headlight-bulbs-latin-america-wholesalers\/\" class=\"rank-math-html-sitemap__link\">LED-Scheinwerferbirnen Lateinamerika: Gro\u00dfh\u00e4ndler-Leitfaden<\/a> <span class=\"rank-math-html-sitemap__date\">(Dezember 18, 2025)<\/span><\/li>\n<li class=\"rank-math-html-sitemap__item\"><a href=\"https:\/\/xienauto.com\/de\/news\/choose-reliable-led-car-light-manufacturer-china\/\" class=\"rank-math-html-sitemap__link\">W\u00e4hlen Sie einen zuverl\u00e4ssigen Hersteller f\u00fcr LED-Autoleuchten in China<\/a> <span class=\"rank-math-html-sitemap__date\">(Dezember 13, 2025)<\/span><\/li>\n<li class=\"rank-math-html-sitemap__item\"><a href=\"https:\/\/xienauto.com\/de\/news\/mexico-wholesale-led-car-lights-price-guide\/\" class=\"rank-math-html-sitemap__link\">Gro\u00dfhandel f\u00fcr LED-Autoleuchten in Mexiko: Fabrikpreis\u00fcbersicht<\/a> <span class=\"rank-math-html-sitemap__date\">(Dezember 10, 2025)<\/span><\/li>\n<li class=\"rank-math-html-sitemap__item\"><a href=\"https:\/\/xienauto.com\/de\/news\/led-headlight-wholesale-guide\/\" class=\"rank-math-html-sitemap__link\">Kompletter Leitfaden f\u00fcr den LED-Scheinwerfer-Gro\u00dfhandel | Xienauto<\/a> <span class=\"rank-math-html-sitemap__date\">(November 27, 2025)<\/span><\/li>\n<li class=\"rank-math-html-sitemap__item\"><a href=\"https:\/\/xienauto.com\/de\/news\/private-label-led-headlight-bulbs-brand\/\" class=\"rank-math-html-sitemap__link\">Aufbau einer profitablen Eigenmarke f\u00fcr LED-Scheinwerferlampen<\/a> <span class=\"rank-math-html-sitemap__date\">(November 26, 2025)<\/span><\/li>\n<li class=\"rank-math-html-sitemap__item\"><a href=\"https:\/\/xienauto.com\/de\/news\/h4-led-headlight-bulbs-guide\/\" class=\"rank-math-html-sitemap__link\">H4-LED-Scheinwerferlampen: Der umfassende Leitfaden<\/a> <span class=\"rank-math-html-sitemap__date\">(November 12, 2025)<\/span><\/li>\n<li class=\"rank-math-html-sitemap__item\"><a href=\"https:\/\/xienauto.com\/de\/news\/plug-and-play-led-headlights-a-reseller-guide\/\" class=\"rank-math-html-sitemap__link\">Plug-and-Play-LED-Scheinwerfer: Ein umfassender Leitfaden f\u00fcr Wiederverk\u00e4ufer<\/a> <span class=\"rank-math-html-sitemap__date\">(November 11, 2025)<\/span><\/li>\n<li class=\"rank-math-html-sitemap__item\"><a href=\"https:\/\/xienauto.com\/de\/news\/buy-h1-led-headlights-bulbs\/\" class=\"rank-math-html-sitemap__link\">H1 LED-Scheinwerferbirnen in gro\u00dfen Mengen f\u00fcr Autoh\u00e4ndler kaufen<\/a> <span class=\"rank-math-html-sitemap__date\">(November 10, 2025)<\/span><\/li>\n<li class=\"rank-math-html-sitemap__item\"><a href=\"https:\/\/xienauto.com\/de\/news\/guide-best-selling-led-headlights\/\" class=\"rank-math-html-sitemap__link\">Ein Leitfaden zu den meistverkauften LED-Scheinwerfern<\/a> <span class=\"rank-math-html-sitemap__date\">(November 6, 2025)<\/span><\/li>\n<li class=\"rank-math-html-sitemap__item\"><a href=\"https:\/\/xienauto.com\/de\/news\/best-led-headlight-bulbs-off-road-vehicles\/\" class=\"rank-math-html-sitemap__link\">Die besten LED-Scheinwerferlampen f\u00fcr Gel\u00e4ndefahrzeuge<\/a> <span class=\"rank-math-html-sitemap__date\">(November 3, 2025)<\/span><\/li>\n<li class=\"rank-math-html-sitemap__item\"><a href=\"https:\/\/xienauto.com\/de\/news\/leds-headlights-color-temperature-beam-pattern\/\" class=\"rank-math-html-sitemap__link\">Ultimative LED-Scheinwerfer: Leitfaden zu Farbtemperatur und Abstrahlverhalten<\/a> <span class=\"rank-math-html-sitemap__date\">(Oktober 29, 2025)<\/span><\/li>\n<li class=\"rank-math-html-sitemap__item\"><a href=\"https:\/\/xienauto.com\/de\/news\/led-headlight-conversion-kit-reseller-guide\/\" class=\"rank-math-html-sitemap__link\">Die besten Marken f\u00fcr LED-Scheinwerfer-Umr\u00fcsts\u00e4tze f\u00fcr Wiederverk\u00e4ufer<\/a> <span class=\"rank-math-html-sitemap__date\">(Oktober 21, 2025)<\/span><\/li>\n<li class=\"rank-math-html-sitemap__item\"><a href=\"https:\/\/xienauto.com\/de\/news\/h11-led-scheinwerferbirnen-reparatur-fehlerbehebung\/\" class=\"rank-math-html-sitemap__link\">H11 LED-Scheinwerferbirne Reparatur &amp; Fehlersuche<\/a> <span class=\"rank-math-html-sitemap__date\">(Oktober 20, 2025)<\/span><\/li>\n<li class=\"rank-math-html-sitemap__item\"><a href=\"https:\/\/xienauto.com\/de\/news\/how-to-choose-led-headlights-supplier\/\" class=\"rank-math-html-sitemap__link\">LED-Scheinwerfer Anbieter Wie Sie den besten ausw\u00e4hlen<\/a> <span class=\"rank-math-html-sitemap__date\">(Oktober 17, 2025)<\/span><\/li>\n<li class=\"rank-math-html-sitemap__item\"><a href=\"https:\/\/xienauto.com\/de\/news\/led-headlamp-car-bulbs-demand-auto-market\/\" class=\"rank-math-html-sitemap__link\">LED-Scheinwerfer-Autogl\u00fchbirnen: Wachstum und Trends im Aftermarket<\/a> <span class=\"rank-math-html-sitemap__date\">(Oktober 16, 2025)<\/span><\/li>\n<li class=\"rank-math-html-sitemap__item\"><a href=\"https:\/\/xienauto.com\/de\/news\/best-practices-for-headlamp-car-bulbs-imp-exp\/\" class=\"rank-math-html-sitemap__link\">Best Practices f\u00fcr den Import und Export von Scheinwerfer-Autogl\u00fchbirnen<\/a> <span class=\"rank-math-html-sitemap__date\">(Oktober 13, 2025)<\/span><\/li>\n<li class=\"rank-math-html-sitemap__item\"><a href=\"https:\/\/xienauto.com\/de\/news\/optimize-wholesale-led-headlights-procurement\/\" class=\"rank-math-html-sitemap__link\">Optm Gro\u00dfhandel LED-Scheinwerfer Strategie &amp; Gewinnung von Marktanteilen<\/a> <span class=\"rank-math-html-sitemap__date\">(Oktober 11, 2025)<\/span><\/li>\n<li class=\"rank-math-html-sitemap__item\"><a href=\"https:\/\/xienauto.com\/de\/news\/how-to-choose-led-headlight-bulb-supplier\/\" class=\"rank-math-html-sitemap__link\">Wie man den geeigneten Lieferanten f\u00fcr LED-Scheinwerferlampen ausw\u00e4hlt<\/a> <span class=\"rank-math-html-sitemap__date\">(Oktober 10, 2025)<\/span><\/li>\n<li class=\"rank-math-html-sitemap__item\"><a href=\"https:\/\/xienauto.com\/de\/news\/auto-licht-reparatur-ersatz-zyklus\/\" class=\"rank-math-html-sitemap__link\">Expertenleitfaden f\u00fcr die Reparatur und den Austausch von Autolampen Zyklus<\/a> <span class=\"rank-math-html-sitemap__date\">(Oktober 9, 2025)<\/span><\/li>\n<li class=\"rank-math-html-sitemap__item\"><a href=\"https:\/\/xienauto.com\/de\/news\/led-automotive-headlight-laws-colombia\/\" class=\"rank-math-html-sitemap__link\">Kolumbien Gesetze f\u00fcr LED-Autoscheinwerfer: Was Sie wissen m\u00fcssen<\/a> <span class=\"rank-math-html-sitemap__date\">(September 29, 2025)<\/span><\/li>\n<li class=\"rank-math-html-sitemap__item\"><a href=\"https:\/\/xienauto.com\/de\/news\/led-vs-halogen-vs-projector-headlights-complete-comparison-guide\/\" class=\"rank-math-html-sitemap__link\">LED vs. Halogen vs. Projektorscheinwerfer: 2025 Leitfaden<\/a> <span class=\"rank-math-html-sitemap__date\">(September 27, 2025)<\/span><\/li>\n<li class=\"rank-math-html-sitemap__item\"><a href=\"https:\/\/xienauto.com\/de\/news\/steigerung-der-wettbewerbsfahigkeit-der-marke-led-scheinwerfer\/\" class=\"rank-math-html-sitemap__link\">Steigerung der Wettbewerbsf\u00e4higkeit von LED-Scheinwerfern durch Markendifferenzierung<\/a> <span class=\"rank-math-html-sitemap__date\">(September 27, 2025)<\/span><\/li>\n<li class=\"rank-math-html-sitemap__item\"><a href=\"https:\/\/xienauto.com\/de\/news\/how-to-test-led-headlight-quality\/\" class=\"rank-math-html-sitemap__link\">Wie man die Qualit\u00e4t von LED-Scheinwerfern \u00fcberpr\u00fcft: Ein Leitfaden f\u00fcr Fachleute<\/a> <span class=\"rank-math-html-sitemap__date\">(September 26, 2025)<\/span><\/li>\n<li class=\"rank-math-html-sitemap__item\"><a href=\"https:\/\/xienauto.com\/de\/news\/weltweiter-markt-fur-led-scheinwerfer\/\" class=\"rank-math-html-sitemap__link\">Weltweiter Markt f\u00fcr LED-Scheinwerfer \u2013 Gr\u00f6\u00dfe und Prognose f\u00fcr den Zeitraum 2025\u20132030<\/a> <span class=\"rank-math-html-sitemap__date\">(September 25, 2025)<\/span><\/li>\n<\/ul>\n<\/div>\n<div class=\"rank-math-html-sitemap__section rank-math-html-sitemap__section--post-type rank-math-html-sitemap__section--page\">\n<h2 class=\"rank-math-html-sitemap__title\">Seiten<\/h2>\n<ul class=\"rank-math-html-sitemap__list\">\n<li class=\"rank-math-html-sitemap__item\"><a href=\"https:\/\/xienauto.com\/de\/sitemap\/\" class=\"rank-math-html-sitemap__link\">Xienauto Meet All Your Demands for LED Headlight<\/a> <span class=\"rank-math-html-sitemap__date\">(Oktober 15, 2025)<\/span><\/li>\n<li class=\"rank-math-html-sitemap__item\"><a href=\"https:\/\/xienauto.com\/de\/privacy-policy\/\" class=\"rank-math-html-sitemap__link\">Datenschutzerkl\u00e4rung | Spezialisierter Anbieter von LED-Autobeleuchtung und Elektronik<\/a> <span class=\"rank-math-html-sitemap__date\">(Oktober 10, 2025)<\/span><\/li>\n<li class=\"rank-math-html-sitemap__item\"><a href=\"https:\/\/xienauto.com\/de\/terms-conditions\/\" class=\"rank-math-html-sitemap__link\">Allgemeine Gesch\u00e4ftsbedingungen | Lieferant f\u00fcr LED-Autobeleuchtung und Elektronik<\/a> <span class=\"rank-math-html-sitemap__date\">(Oktober 10, 2025)<\/span><\/li>\n<li class=\"rank-math-html-sitemap__item\"><a href=\"https:\/\/xienauto.com\/de\/request-quote\/\" class=\"rank-math-html-sitemap__link\">Request a Quote &#8211; Car LED Lights Manufacturer, Energy,Efficient, Xienauto,car led headlight manufacturer<\/a> <span class=\"rank-math-html-sitemap__date\">(September 26, 2025)<\/span><\/li>\n<li class=\"rank-math-html-sitemap__item\"><a href=\"https:\/\/xienauto.com\/de\/news\/\" class=\"rank-math-html-sitemap__link\">LED-Scheinwerfer Nachrichten, Branchentrends &amp; Innovationen<\/a> <span class=\"rank-math-html-sitemap__date\">(September 25, 2025)<\/span><\/li>\n<li class=\"rank-math-html-sitemap__item\"><a href=\"https:\/\/xienauto.com\/de\/contact-us\/\" class=\"rank-math-html-sitemap__link\">Kontakt | Spezialisierter Anbieter f\u00fcr LED-Autobeleuchtung und Elektronik<\/a> <span class=\"rank-math-html-sitemap__date\">(September 25, 2025)<\/span><\/li>\n<li class=\"rank-math-html-sitemap__item\"><a href=\"https:\/\/xienauto.com\/de\/faq\/\" class=\"rank-math-html-sitemap__link\">FAQ &#8211; Car LED Lights Manufacturer, Energy,Efficient, Xienauto,car led headlight manufacturer<\/a> <span class=\"rank-math-html-sitemap__date\">(September 25, 2025)<\/span><\/li>\n<li class=\"rank-math-html-sitemap__item\"><a href=\"https:\/\/xienauto.com\/de\/products\/\" class=\"rank-math-html-sitemap__link\">LED-Autoleuchten | Projektionsscheinwerfer | Fachh\u00e4ndler<\/a> <span class=\"rank-math-html-sitemap__date\">(September 25, 2025)<\/span><\/li>\n<li class=\"rank-math-html-sitemap__item\"><a href=\"https:\/\/xienauto.com\/de\/about-us\/\" class=\"rank-math-html-sitemap__link\">Professioneller Hersteller von LED-Autoleuchten | Xienauto<\/a> <span class=\"rank-math-html-sitemap__date\">(September 25, 2025)<\/span><\/li>\n<li class=\"rank-math-html-sitemap__item\"><a href=\"https:\/\/xienauto.com\/de\/\" class=\"rank-math-html-sitemap__link\">Auto LED-Scheinwerfer Gro\u00dfhandel | Direktlieferant Xienauto<\/a> <span class=\"rank-math-html-sitemap__date\">(September 25, 2025)<\/span><\/li>\n<\/ul>\n<\/div>\n<div class=\"rank-math-html-sitemap__section rank-math-html-sitemap__section--post-type rank-math-html-sitemap__section--product\">\n<h2 class=\"rank-math-html-sitemap__title\">Produkte<\/h2>\n<ul class=\"rank-math-html-sitemap__list\">\n<li class=\"rank-math-html-sitemap__item\"><a href=\"https:\/\/xienauto.com\/de\/produkt\/xe-xt20-led-headlight\/\" class=\"rank-math-html-sitemap__link\">XE-XT20 LED-Scheinwerfer f\u00fcr OEM &amp; Gro\u00dfhandel<\/a> <span class=\"rank-math-html-sitemap__date\">(Januar 27, 2026)<\/span><\/li>\n<li class=\"rank-math-html-sitemap__item\"><a href=\"https:\/\/xienauto.com\/de\/produkt\/car-vacuum-cleaner-wholesale\/\" class=\"rank-math-html-sitemap__link\">Xienauto Auto-Staubsauger Gro\u00dfhandel OEM ODM<\/a> <span class=\"rank-math-html-sitemap__date\">(Oktober 16, 2025)<\/span><\/li>\n<li class=\"rank-math-html-sitemap__item\"><a href=\"https:\/\/xienauto.com\/de\/produkt\/h7-led-headlight-bulb\/\" class=\"rank-math-html-sitemap__link\">H7 LED Headlight Bulb: High-Luminosity for Wholesale<\/a> <span class=\"rank-math-html-sitemap__date\">(Oktober 10, 2025)<\/span><\/li>\n<li class=\"rank-math-html-sitemap__item\"><a href=\"https:\/\/xienauto.com\/de\/produkt\/premium-led-headlight-bulbs\/\" class=\"rank-math-html-sitemap__link\">Die ultimativen Premium-LED-Scheinwerferbirnen Xienauto XE-R13<\/a> <span class=\"rank-math-html-sitemap__date\">(Oktober 10, 2025)<\/span><\/li>\n<li class=\"rank-math-html-sitemap__item\"><a href=\"https:\/\/xienauto.com\/de\/produkt\/led-automotive-bulbs-50k-hrs\/\" class=\"rank-math-html-sitemap__link\">LED-Autolampen | Hohe Leuchtkraft f\u00fcr Gro\u00dfh\u00e4ndler<\/a> <span class=\"rank-math-html-sitemap__date\">(Oktober 9, 2025)<\/span><\/li>\n<li class=\"rank-math-html-sitemap__item\"><a href=\"https:\/\/xienauto.com\/de\/produkt\/h4-led-headlights-for-whosalers\/\" class=\"rank-math-html-sitemap__link\">H4 LED-Scheinwerfer Gro\u00dfhandel 12.000LM DOT zertifiziert<\/a> <span class=\"rank-math-html-sitemap__date\">(Oktober 9, 2025)<\/span><\/li>\n<li class=\"rank-math-html-sitemap__item\"><a href=\"https:\/\/xienauto.com\/de\/produkt\/h11-led-headlight-bulb\/\" class=\"rank-math-html-sitemap__link\">H11 LED Headlight Bulb: B2B Wholesale Kits 50K-Hour Lifespan<\/a> <span class=\"rank-math-html-sitemap__date\">(September 30, 2025)<\/span><\/li>\n<li class=\"rank-math-html-sitemap__item\"><a href=\"https:\/\/xienauto.com\/de\/produkt\/wholesale-led-headlights-bulbs\/\" class=\"rank-math-html-sitemap__link\">LED Headlights Bulbs | OEM-Certified Bulk Pricing<\/a> <span class=\"rank-math-html-sitemap__date\">(September 30, 2025)<\/span><\/li>\n<li class=\"rank-math-html-sitemap__item\"><a href=\"https:\/\/xienauto.com\/de\/produkt\/led-projector-lens\/\" class=\"rank-math-html-sitemap__link\">LED Projector Lens | Automotive HD Headlight Core<\/a> <span class=\"rank-math-html-sitemap__date\">(September 28, 2025)<\/span><\/li>\n<li class=\"rank-math-html-sitemap__item\"><a href=\"https:\/\/xienauto.com\/de\/produkt\/automotive-led-headlights\/\" class=\"rank-math-html-sitemap__link\">Xienauto Automotive LED-Scheinwerfer Plug&amp;Play f\u00fcr LKWs\/SUVs<\/a> <span class=\"rank-math-html-sitemap__date\">(September 26, 2025)<\/span><\/li>\n<\/ul>\n<\/div>\n<div class=\"rank-math-html-sitemap__section rank-math-html-sitemap__section--taxonomy rank-math-html-sitemap__section--category\">\n<h2 class=\"rank-math-html-sitemap__title\">Kategorien<\/h2>\n<ul class=\"rank-math-html-sitemap__list\">\n<li class=\"rank-math-html-sitemap__item\"><a href=\"https:\/\/xienauto.com\/de\/category\/news\/\" class=\"rank-math-html-sitemap__link\">News &#8211; Car LED Lights Manufacturer, Energy,Efficient, Xienauto,car led headlight manufacturer<\/a>\n<ul class=\"rank-math-html-sitemap__list\">\n<li class=\"rank-math-html-sitemap__item\"><a href=\"https:\/\/xienauto.com\/de\/category\/news\/car-electrical-appliances\/\" class=\"rank-math-html-sitemap__link\">Car Electrical Appliances &#8211; Car LED Lights Manufacturer, Energy,Efficient, Xienauto,car led headlight manufacturer<\/a><\/li>\n<li class=\"rank-math-html-sitemap__item\"><a href=\"https:\/\/xienauto.com\/de\/category\/news\/led-headlights\/\" class=\"rank-math-html-sitemap__link\">LED Headlights &#8211; Car LED Lights Manufacturer, Energy,Efficient, Xienauto,car led headlight manufacturer<\/a><\/li>\n<\/ul>\n<\/li>\n<\/ul>\n<\/div>\n<\/div>\n\t\t\t\t\t\t\t\t<\/div>\n\t\t\t\t\t<\/div>\n\t\t\t\t<\/div>\n\t\t\t\t<\/div>","protected":false},"excerpt":{"rendered":"","protected":false},"author":1,"featured_media":0,"parent":0,"menu_order":0,"comment_status":"closed","ping_status":"closed","template":"","meta":{"_kad_post_transparent":"","_kad_post_title":"","_kad_post_layout":"","_kad_post_sidebar_id":"","_kad_post_content_style":"","_kad_post_vertical_padding":"","_kad_post_feature":"","_kad_post_feature_position":"","_kad_post_header":false,"_kad_post_footer":false,"_kad_post_classname":"","footnotes":""},"class_list":["post-1529","page","type-page","status-publish","hentry"],"_links":{"self":[{"href":"https:\/\/xienauto.com\/de\/wp-json\/wp\/v2\/pages\/1529","targetHints":{"allow":["GET"]}}],"collection":[{"href":"https:\/\/xienauto.com\/de\/wp-json\/wp\/v2\/pages"}],"about":[{"href":"https:\/\/xienauto.com\/de\/wp-json\/wp\/v2\/types\/page"}],"author":[{"embeddable":true,"href":"https:\/\/xienauto.com\/de\/wp-json\/wp\/v2\/users\/1"}],"replies":[{"embeddable":true,"href":"https:\/\/xienauto.com\/de\/wp-json\/wp\/v2\/comments?post=1529"}],"version-history":[{"count":13,"href":"https:\/\/xienauto.com\/de\/wp-json\/wp\/v2\/pages\/1529\/revisions"}],"predecessor-version":[{"id":1544,"href":"https:\/\/xienauto.com\/de\/wp-json\/wp\/v2\/pages\/1529\/revisions\/1544"}],"wp:attachment":[{"href":"https:\/\/xienauto.com\/de\/wp-json\/wp\/v2\/media?parent=1529"}],"curies":[{"name":"wp","href":"https:\/\/api.w.org\/{rel}","templated":true}]}}